{"id":181,"date":"2019-08-06T12:28:09","date_gmt":"2019-08-06T10:28:09","guid":{"rendered":"https:\/\/www.asenglish.pl\/szkola\/?page_id=181"},"modified":"2019-08-07T17:35:24","modified_gmt":"2019-08-07T15:35:24","slug":"statut","status":"publish","type":"page","link":"https:\/\/www.asenglish.pl\/szkola\/statut\/","title":{"rendered":"Statut"},"content":{"rendered":"\t\t<div data-elementor-type=\"wp-post\" data-elementor-id=\"181\" class=\"elementor elementor-181\">\n\t\t\t\t\t\t<section class=\"elementor-section elementor-top-section elementor-element elementor-element-7b9e4360 elementor-section-boxed elementor-section-height-default elementor-section-height-default\" data-id=\"7b9e4360\" data-element_type=\"section\">\n\t\t\t\t\t\t<div class=\"elementor-container elementor-column-gap-default\">\n\t\t\t\t\t<div class=\"elementor-column elementor-col-100 elementor-top-column elementor-element elementor-element-19ca4c92\" data-id=\"19ca4c92\" data-element_type=\"column\">\n\t\t\t<div class=\"elementor-widget-wrap elementor-element-populated\">\n\t\t\t\t\t\t<div class=\"elementor-element elementor-element-5cb2a415 elementor-widget elementor-widget-text-editor\" data-id=\"5cb2a415\" data-element_type=\"widget\" data-widget_type=\"text-editor.default\">\n\t\t\t\t<div class=\"elementor-widget-container\">\n\t\t\t\t\t\t\t\t\t<h4 align=\"center\"><b><span style=\"font-family: Monotype Corsiva; font-size: 300%;\">STATUT<\/span><\/b><\/h4><p align=\"center\"><b><span style=\"font-family: Bookman Old Style;\">NIEPUBLICZNEJ PLAC\u00d3WKI O\u015aWIATOWEJ<\/span><\/b><\/p><p align=\"center\"><b><span style=\"font-family: Bookman Old Style;\">KSZTA\u0141CENIA USTAWICZNEGO O NAZWIE:<\/span><\/b><\/p><p align=\"center\"><b><span style=\"font-family: Bookman Old Style;\">AS SCHOOL OF ENGLISH &#8211; KURSY J\u0118ZYKA ANGIELSKIEGO<\/span><\/b><\/p><hr size=\"1\" \/><p align=\"center\"><span style=\"font-size: x-large;\"><b><span lang=\"PL\">\u00a7\u00a0<\/span>1<\/b><\/span><\/p><p align=\"justify\">AS SCHOOL OF ENGLISH &#8211; KURSY J\u0118ZYKA ANGIELSKIEGO jest niepubliczn\u0105 plac\u00f3wk\u0105 o\u015bwiatow\u0105 kszta\u0142cenia ustawicznego. Jest to plac\u00f3wka kursowa, b\u0119d\u0105c\u0105 firm\u0105 prywatn\u0105, i jest ona prowadzona przez osob\u0119 fizyczn\u0105. Siedziba plac\u00f3wki, a zarazem sale lekcyjne, znajduje si\u0119 przy ulicy Armii Krajowej 28a w J\u00f3zefowie ko\u0142o Warszawy.<\/p><p align=\"justify\">Celem plac\u00f3wki jest organizacja kurs\u00f3w j\u0119zyka angielskiego dla dzieci, m\u0142odzie\u017cy i doros\u0142ych, przygotowanie m\u0142odzie\u017cy do egzamin\u00f3w z j\u0119zyka angielskiego na zako\u0144czenie szko\u0142y podstawowej, maturalnych i First Certificate, oraz organizacja zaj\u0119\u0107 konwersacyjnych.<\/p><p align=\"center\"><span style=\"font-size: x-large;\"><b><span lang=\"PL\">\u00a7 2<\/span><\/b><\/span><\/p><p align=\"justify\">Niepubliczna plac\u00f3wka o\u015bwiatowa kszta\u0142cenia ustawicznego o nazwie: AS SCHOOL OF ENGLISH &#8211; KURSY J\u0118ZYKA ANGIELSKIEGO prowadzona jest przez mgr S\u0142awomira Tobiasz.<\/p><p align=\"center\"><span style=\"font-size: x-large;\"><b><span lang=\"PL\">\u00a7 3<\/span><\/b><\/span><\/p><p align=\"justify\">Organem plac\u00f3wki jest jej w\u0142a\u015bciciel, S\u0142awomir Tobiasz. Do jego zada\u0144 i obowi\u0105zk\u00f3w nale\u017cy ca\u0142okszta\u0142t prac zwi\u0105zanych z organizacj\u0105 kurs\u00f3w j\u0119zykowych tj. nab\u00f3r kursant\u00f3w, przeprowadzanie rozm\u00f3w i test\u00f3w kwalifikacyjnych, zatrudnianie lektor\u00f3w, organizacja podr\u0119cznik\u00f3w i innych materia\u0142\u00f3w metodycznych, doz\u00f3r wychowawczy i metodyczny plac\u00f3wki.<\/p><p align=\"center\"><span style=\"font-size: x-large;\"><b><span lang=\"PL\">\u00a7 4<\/span><\/b><\/span><\/p><p align=\"justify\">Plac\u00f3wka prowadzi zaj\u0119cia j\u0119zykowe na r\u00f3\u017cnych stopniach zaawansowania i dla r\u00f3\u017cnych grup wiekowych. Kursy prowadzone s\u0105 w ci\u0105gu roku szkolnego od wrze\u015bnia do czerwca z uwzgl\u0119dnieniem przerw \u015bwi\u0105tecznych i ferii zimowych okre\u015blonych przez MEN i Kuratorium O\u015bwiaty. Plac\u00f3wka prowadzi standardowe kursy j\u0119zyka angielskiego dla dzieci, m\u0142odzie\u017cy i doros\u0142ych, kursy przygotowuj\u0105ce do egzamin\u00f3w maturalnych i First Certificate oraz zaj\u0119cia konwersacyjne. Zaj\u0119cia w ka\u017cdej grupie odbywaj\u0105 si\u0119 dwa razy w tygodniu po jednej godzinie zegarowej (2 razy 60 minut &#8211; kurs zwyk\u0142y), dwa razy w tygodniu po p\u00f3\u0142torej godziny zegarowej (2 razy 90 minut &#8211; kurs przyspieszony), trzy razy w tygodniu po jednej godzinie zegarowej (3 razy 60 minut &#8211; kurs przyspieszony) lub dwa razy w tygodniu po dwie godziny zegarowe (2 razy 120 minut &#8211; kurs intensywny).<\/p><p align=\"justify\">Lektorzy AS SCHOOL OF ENGLISH &#8211; KURSY J\u0118ZYKA ANGIELSKIEGO posiadaj\u0105 odpowiednie wykszta\u0142cenie filologiczne i maj\u0105 odpowiednie przygotowanie metodyczne do prowadzenia zaj\u0119\u0107 j\u0119zykowych z dzie\u0107mi, m\u0142odzie\u017c\u0105 i osobami doros\u0142ymi.<\/p><p align=\"center\"><span style=\"font-size: x-large;\"><b><span lang=\"PL\">\u00a7 5<\/span><\/b><\/span><\/p><p align=\"justify\">Lektorzy AS SCHOOL OF ENGLISH &#8211; KURSY J\u0118ZYKA ANGIELSKIEGO maj\u0105 prawo do korzystania z wszystkich materia\u0142\u00f3w dydaktycznych (DVD, telewizor, wie\u017ca z CD, podr\u0119czniki, s\u0142owniki, p\u0142yty) b\u0119d\u0105cych w posiadaniu niepublicznej plac\u00f3wki o\u015bwiatowej kszta\u0142cenia ustawicznego o nazwie AS SCHOOL OF ENGLISH &#8211; KURSY J\u0118ZYKA ANGIELSKIEGO.<\/p><p align=\"justify\">Uczniowie uprawnieni s\u0105 do ucz\u0119szczania na zaj\u0119cia j\u0119zykowe po uiszczeniu przez nich op\u0142aty za kurs. Niedokonanie w okre\u015blonym wcze\u015bniej terminie wp\u0142aty kolejnej raty za roczny kurs j\u0119zykowy jest r\u00f3wnoznaczne ze skre\u015bleniem ucznia z listy uczni\u00f3w plac\u00f3wki.<\/p><p align=\"justify\">Uczniowie i lektorzy plac\u00f3wki maja prawo do nieodp\u0142atnego korzystania z biblioteczki ksi\u0105\u017cek i czasopism angloj\u0119zycznych znajduj\u0105cej si\u0119 na terenie plac\u00f3wki.<\/p><p align=\"justify\">Obowi\u0105zkiem lektor\u00f3w AS SCHOOL OF ENGLISH jest realizowanie ustalonego programu nauczania w oparciu o podr\u0119czniki. Wszyscy lektorzy plac\u00f3wki zobowi\u0105zani s\u0105 do punktualnego rozpoczynania i ko\u0144czenia zaj\u0119\u0107 lekcyjnych.<\/p><p align=\"justify\">Od uczni\u00f3w plac\u00f3wki AS SCHOOL OF ENGLISH wymagana jest stosowna postawa w czasie trwania lekcji, kt\u00f3ra nie utrudnia\u0142aby lektorowi prowadzenia zaj\u0119\u0107 j\u0119zykowych.<\/p><p align=\"center\"><span style=\"font-size: x-large;\"><b><span lang=\"PL\">\u00a7 6<\/span><\/b><\/span><\/p><p align=\"justify\">Plac\u00f3wka AS SCHOOL OF ENGLISH finansowana jest przez kursant\u00f3w, kt\u00f3rzy op\u0142acaj\u0105 roczny kurs nauki w dziewi\u0119ciu, trzech, lub dw\u00f3ch ratach roz\u0142o\u017conych w ci\u0105gu roku szkolnego. Mo\u017cliwa jest op\u0142ata za ca\u0142y rok szkolny z g\u00f3ry. Pierwsza rata (za miesi\u0105c wrzesie\u0144 i pa\u017adziernik)\u00a0 przyjmowana jest przy zapisie do odpowiedniej grupy j\u0119zykowej.<\/p><p align=\"center\"><span style=\"font-size: x-large;\"><b><span lang=\"PL\">\u00a7 7<\/span><\/b><\/span><\/p><p align=\"justify\">Plac\u00f3wka AS SCHOOL OF ENGLISH przyjmuje dzieci i m\u0142odzie\u017c ze szko\u0142y podstawowej (od klasy zerowej wzwy\u017c), ze szko\u0142y \u015bredniej, student\u00f3w i osoby pracuj\u0105ce (doros\u0142e).<\/p><p align=\"justify\">Nab\u00f3r uczni\u00f3w do plac\u00f3wki przeprowadzany jest ka\u017cdego roku we wrze\u015bniu. Osoby deklaruj\u0105ce swoj\u0105 kompletn\u0105 nieznajomo\u015b\u0107 j\u0119zyka rozpoczynaj\u0105 nauk\u0119 na I roku. Osoby znaj\u0105ce ju\u017c j\u0119zyk w pewnym stopniu, pisz\u0105 test kwalifikacyjny z gramatyki i s\u0142ownictwa j\u0119zyka angielskiego oraz \/ lub przeprowadzana jest z nimi rozmowa kwalifikacyjna w celu dok\u0142adnego okre\u015blenia poziomu zaawansowania znajomo\u015bci j\u0119zyka i zaproponowania odpowiedniej grupy j\u0119zykowej.<\/p><p align=\"justify\">Przy zapisie kursanci zobowi\u0105zani s\u0105 ui\u015bci\u0107 pierwsz\u0105 rat\u0119 za roczny kurs j\u0119zykowy.<\/p><p align=\"center\"><span style=\"font-size: x-large;\"><b><span lang=\"PL\">\u00a7 8<\/span><\/b><\/span><\/p><p align=\"justify\">Wszelkie zmiany i uzupe\u0142nienia w statucie wymagaj\u0105 dla swej wa\u017cno\u015bci pisemnego aneksu.<\/p><p align=\"center\"><span style=\"font-size: x-large;\"><b><span lang=\"PL\">\u00a7 9<\/span><\/b><\/span><\/p><p align=\"justify\">W kwestiach nie uregulowanych postanowieniami niniejszego statutu zastosowanie mie\u0107 b\u0119d\u0105 przepisy Kodeksu Cywilnego.<\/p><p>\u00a0<\/p><p style=\"text-align: left;\">J\u00f3zef\u00f3w, 01.09.1999 r.<\/p><p style=\"text-align: left;\"><img decoding=\"async\" class=\"size-full wp-image-187 alignnone\" src=\"https:\/\/www.asenglish.pl\/szkola\/wp-content\/uploads\/2019\/08\/tobiasz-podpis.jpg\" alt=\"mgr S\u0142awomir Tobiasz\" width=\"173\" height=\"30\" \/><\/p><p style=\"text-align: left;\">mgr S\u0142awomir Tobiasz<\/p>\t\t\t\t\t\t\t\t<\/div>\n\t\t\t\t<\/div>\n\t\t\t\t\t<\/div>\n\t\t<\/div>\n\t\t\t\t\t<\/div>\n\t\t<\/section>\n\t\t\t\t<\/div>\n\t\t","protected":false},"excerpt":{"rendered":"<p>STATUT NIEPUBLICZNEJ PLAC\u00d3WKI O\u015aWIATOWEJ KSZTA\u0141CENIA USTAWICZNEGO O NAZWIE: AS SCHOOL OF ENGLISH &#8211; KURSY J\u0118ZYKA ANGIELSKIEGO \u00a7\u00a01 AS SCHOOL OF ENGLISH &#8211; KURSY J\u0118ZYKA ANGIELSKIEGO jest niepubliczn\u0105 plac\u00f3wk\u0105 o\u015bwiatow\u0105 kszta\u0142cenia ustawicznego. Jest to plac\u00f3wka kursowa, b\u0119d\u0105c\u0105 firm\u0105 prywatn\u0105, i jest ona prowadzona przez osob\u0119 fizyczn\u0105. Siedziba plac\u00f3wki, a zarazem sale lekcyjne, znajduje si\u0119 przy ulicy&hellip;&nbsp;<a href=\"https:\/\/www.asenglish.pl\/szkola\/statut\/\" rel=\"bookmark\">Dowiedz si\u0119 wi\u0119cej &raquo;<span class=\"screen-reader-text\">Statut<\/span><\/a><\/p>\n","protected":false},"author":1,"featured_media":0,"parent":0,"menu_order":0,"comment_status":"closed","ping_status":"closed","template":"","meta":{"neve_meta_sidebar":"","neve_meta_container":"","neve_meta_enable_content_width":"","neve_meta_content_width":70,"neve_meta_title_alignment":"","neve_meta_author_avatar":"","neve_post_elements_order":"","neve_meta_disable_header":"","neve_meta_disable_footer":"","neve_meta_disable_title":"","footnotes":""},"class_list":["post-181","page","type-page","status-publish","hentry"],"yoast_head":"<!-- This site is optimized with the Yoast SEO plugin v26.2 - https:\/\/yoast.com\/wordpress\/plugins\/seo\/ -->\n<title>Statut - AS School of English<\/title>\n<meta name=\"description\" content=\"Statut AS School of English - szko\u0142y j\u0119zykowej w J\u00f3zefowie ko\u0142o Wraszawy.\" \/>\n<meta name=\"robots\" content=\"index, follow, max-snippet:-1, max-image-preview:large, max-video-preview:-1\" \/>\n<link rel=\"canonical\" href=\"https:\/\/www.asenglish.pl\/szkola\/statut\/\" \/>\n<meta property=\"og:locale\" content=\"pl_PL\" \/>\n<meta property=\"og:type\" content=\"article\" \/>\n<meta property=\"og:title\" content=\"Statut - AS School of English\" \/>\n<meta property=\"og:description\" content=\"Statut AS School of English - szko\u0142y j\u0119zykowej w J\u00f3zefowie ko\u0142o Wraszawy.\" \/>\n<meta property=\"og:url\" content=\"https:\/\/www.asenglish.pl\/szkola\/statut\/\" \/>\n<meta property=\"og:site_name\" content=\"AS School of English\" \/>\n<meta property=\"article:modified_time\" content=\"2019-08-07T15:35:24+00:00\" \/>\n<meta property=\"og:image\" content=\"https:\/\/www.asenglish.pl\/szkola\/wp-content\/uploads\/2019\/08\/tobiasz-podpis.jpg\" \/>\n<meta name=\"twitter:card\" content=\"summary_large_image\" \/>\n<meta name=\"twitter:label1\" content=\"Szacowany czas czytania\" \/>\n\t<meta name=\"twitter:data1\" content=\"4 minuty\" \/>\n<script type=\"application\/ld+json\" class=\"yoast-schema-graph\">{\"@context\":\"https:\/\/schema.org\",\"@graph\":[{\"@type\":\"WebPage\",\"@id\":\"https:\/\/www.asenglish.pl\/szkola\/statut\/\",\"url\":\"https:\/\/www.asenglish.pl\/szkola\/statut\/\",\"name\":\"Statut - AS School of English\",\"isPartOf\":{\"@id\":\"https:\/\/www.asenglish.pl\/szkola\/#website\"},\"primaryImageOfPage\":{\"@id\":\"https:\/\/www.asenglish.pl\/szkola\/statut\/#primaryimage\"},\"image\":{\"@id\":\"https:\/\/www.asenglish.pl\/szkola\/statut\/#primaryimage\"},\"thumbnailUrl\":\"https:\/\/www.asenglish.pl\/szkola\/wp-content\/uploads\/2019\/08\/tobiasz-podpis.jpg\",\"datePublished\":\"2019-08-06T10:28:09+00:00\",\"dateModified\":\"2019-08-07T15:35:24+00:00\",\"description\":\"Statut AS School of English - szko\u0142y j\u0119zykowej w J\u00f3zefowie ko\u0142o Wraszawy.\",\"breadcrumb\":{\"@id\":\"https:\/\/www.asenglish.pl\/szkola\/statut\/#breadcrumb\"},\"inLanguage\":\"pl-PL\",\"potentialAction\":[{\"@type\":\"ReadAction\",\"target\":[\"https:\/\/www.asenglish.pl\/szkola\/statut\/\"]}]},{\"@type\":\"ImageObject\",\"inLanguage\":\"pl-PL\",\"@id\":\"https:\/\/www.asenglish.pl\/szkola\/statut\/#primaryimage\",\"url\":\"https:\/\/www.asenglish.pl\/szkola\/wp-content\/uploads\/2019\/08\/tobiasz-podpis.jpg\",\"contentUrl\":\"https:\/\/www.asenglish.pl\/szkola\/wp-content\/uploads\/2019\/08\/tobiasz-podpis.jpg\",\"width\":173,\"height\":30,\"caption\":\"mgr S\u0142awomir Tobiasz\"},{\"@type\":\"BreadcrumbList\",\"@id\":\"https:\/\/www.asenglish.pl\/szkola\/statut\/#breadcrumb\",\"itemListElement\":[{\"@type\":\"ListItem\",\"position\":1,\"name\":\"Strona g\u0142\u00f3wna\",\"item\":\"https:\/\/www.asenglish.pl\/szkola\/\"},{\"@type\":\"ListItem\",\"position\":2,\"name\":\"Statut\"}]},{\"@type\":\"WebSite\",\"@id\":\"https:\/\/www.asenglish.pl\/szkola\/#website\",\"url\":\"https:\/\/www.asenglish.pl\/szkola\/\",\"name\":\"AS School of English\",\"description\":\"Szko\u0142a j\u0119zykowa w J\u00f3zefowie ko\u0142o Warszawy\",\"publisher\":{\"@id\":\"https:\/\/www.asenglish.pl\/szkola\/#organization\"},\"potentialAction\":[{\"@type\":\"SearchAction\",\"target\":{\"@type\":\"EntryPoint\",\"urlTemplate\":\"https:\/\/www.asenglish.pl\/szkola\/?s={search_term_string}\"},\"query-input\":{\"@type\":\"PropertyValueSpecification\",\"valueRequired\":true,\"valueName\":\"search_term_string\"}}],\"inLanguage\":\"pl-PL\"},{\"@type\":\"Organization\",\"@id\":\"https:\/\/www.asenglish.pl\/szkola\/#organization\",\"name\":\"AS School of English\",\"url\":\"https:\/\/www.asenglish.pl\/szkola\/\",\"logo\":{\"@type\":\"ImageObject\",\"inLanguage\":\"pl-PL\",\"@id\":\"https:\/\/www.asenglish.pl\/szkola\/#\/schema\/logo\/image\/\",\"url\":\"https:\/\/www.asenglish.pl\/szkola\/wp-content\/uploads\/2018\/12\/aslogo.gif\",\"contentUrl\":\"https:\/\/www.asenglish.pl\/szkola\/wp-content\/uploads\/2018\/12\/aslogo.gif\",\"width\":121,\"height\":86,\"caption\":\"AS School of English\"},\"image\":{\"@id\":\"https:\/\/www.asenglish.pl\/szkola\/#\/schema\/logo\/image\/\"}}]}<\/script>\n<!-- \/ Yoast SEO plugin. -->","yoast_head_json":{"title":"Statut - AS School of English","description":"Statut AS School of English - szko\u0142y j\u0119zykowej w J\u00f3zefowie ko\u0142o Wraszawy.","robots":{"index":"index","follow":"follow","max-snippet":"max-snippet:-1","max-image-preview":"max-image-preview:large","max-video-preview":"max-video-preview:-1"},"canonical":"https:\/\/www.asenglish.pl\/szkola\/statut\/","og_locale":"pl_PL","og_type":"article","og_title":"Statut - AS School of English","og_description":"Statut AS School of English - szko\u0142y j\u0119zykowej w J\u00f3zefowie ko\u0142o Wraszawy.","og_url":"https:\/\/www.asenglish.pl\/szkola\/statut\/","og_site_name":"AS School of English","article_modified_time":"2019-08-07T15:35:24+00:00","og_image":[{"url":"https:\/\/www.asenglish.pl\/szkola\/wp-content\/uploads\/2019\/08\/tobiasz-podpis.jpg","type":"","width":"","height":""}],"twitter_card":"summary_large_image","twitter_misc":{"Szacowany czas czytania":"4 minuty"},"schema":{"@context":"https:\/\/schema.org","@graph":[{"@type":"WebPage","@id":"https:\/\/www.asenglish.pl\/szkola\/statut\/","url":"https:\/\/www.asenglish.pl\/szkola\/statut\/","name":"Statut - AS School of English","isPartOf":{"@id":"https:\/\/www.asenglish.pl\/szkola\/#website"},"primaryImageOfPage":{"@id":"https:\/\/www.asenglish.pl\/szkola\/statut\/#primaryimage"},"image":{"@id":"https:\/\/www.asenglish.pl\/szkola\/statut\/#primaryimage"},"thumbnailUrl":"https:\/\/www.asenglish.pl\/szkola\/wp-content\/uploads\/2019\/08\/tobiasz-podpis.jpg","datePublished":"2019-08-06T10:28:09+00:00","dateModified":"2019-08-07T15:35:24+00:00","description":"Statut AS School of English - szko\u0142y j\u0119zykowej w J\u00f3zefowie ko\u0142o Wraszawy.","breadcrumb":{"@id":"https:\/\/www.asenglish.pl\/szkola\/statut\/#breadcrumb"},"inLanguage":"pl-PL","potentialAction":[{"@type":"ReadAction","target":["https:\/\/www.asenglish.pl\/szkola\/statut\/"]}]},{"@type":"ImageObject","inLanguage":"pl-PL","@id":"https:\/\/www.asenglish.pl\/szkola\/statut\/#primaryimage","url":"https:\/\/www.asenglish.pl\/szkola\/wp-content\/uploads\/2019\/08\/tobiasz-podpis.jpg","contentUrl":"https:\/\/www.asenglish.pl\/szkola\/wp-content\/uploads\/2019\/08\/tobiasz-podpis.jpg","width":173,"height":30,"caption":"mgr S\u0142awomir Tobiasz"},{"@type":"BreadcrumbList","@id":"https:\/\/www.asenglish.pl\/szkola\/statut\/#breadcrumb","itemListElement":[{"@type":"ListItem","position":1,"name":"Strona g\u0142\u00f3wna","item":"https:\/\/www.asenglish.pl\/szkola\/"},{"@type":"ListItem","position":2,"name":"Statut"}]},{"@type":"WebSite","@id":"https:\/\/www.asenglish.pl\/szkola\/#website","url":"https:\/\/www.asenglish.pl\/szkola\/","name":"AS School of English","description":"Szko\u0142a j\u0119zykowa w J\u00f3zefowie ko\u0142o Warszawy","publisher":{"@id":"https:\/\/www.asenglish.pl\/szkola\/#organization"},"potentialAction":[{"@type":"SearchAction","target":{"@type":"EntryPoint","urlTemplate":"https:\/\/www.asenglish.pl\/szkola\/?s={search_term_string}"},"query-input":{"@type":"PropertyValueSpecification","valueRequired":true,"valueName":"search_term_string"}}],"inLanguage":"pl-PL"},{"@type":"Organization","@id":"https:\/\/www.asenglish.pl\/szkola\/#organization","name":"AS School of English","url":"https:\/\/www.asenglish.pl\/szkola\/","logo":{"@type":"ImageObject","inLanguage":"pl-PL","@id":"https:\/\/www.asenglish.pl\/szkola\/#\/schema\/logo\/image\/","url":"https:\/\/www.asenglish.pl\/szkola\/wp-content\/uploads\/2018\/12\/aslogo.gif","contentUrl":"https:\/\/www.asenglish.pl\/szkola\/wp-content\/uploads\/2018\/12\/aslogo.gif","width":121,"height":86,"caption":"AS School of English"},"image":{"@id":"https:\/\/www.asenglish.pl\/szkola\/#\/schema\/logo\/image\/"}}]}},"_links":{"self":[{"href":"https:\/\/www.asenglish.pl\/szkola\/wp-json\/wp\/v2\/pages\/181","targetHints":{"allow":["GET"]}}],"collection":[{"href":"https:\/\/www.asenglish.pl\/szkola\/wp-json\/wp\/v2\/pages"}],"about":[{"href":"https:\/\/www.asenglish.pl\/szkola\/wp-json\/wp\/v2\/types\/page"}],"author":[{"embeddable":true,"href":"https:\/\/www.asenglish.pl\/szkola\/wp-json\/wp\/v2\/users\/1"}],"replies":[{"embeddable":true,"href":"https:\/\/www.asenglish.pl\/szkola\/wp-json\/wp\/v2\/comments?post=181"}],"version-history":[{"count":14,"href":"https:\/\/www.asenglish.pl\/szkola\/wp-json\/wp\/v2\/pages\/181\/revisions"}],"predecessor-version":[{"id":197,"href":"https:\/\/www.asenglish.pl\/szkola\/wp-json\/wp\/v2\/pages\/181\/revisions\/197"}],"wp:attachment":[{"href":"https:\/\/www.asenglish.pl\/szkola\/wp-json\/wp\/v2\/media?parent=181"}],"curies":[{"name":"wp","href":"https:\/\/api.w.org\/{rel}","templated":true}]}}