{"id":198,"date":"2019-08-09T18:30:20","date_gmt":"2019-08-09T16:30:20","guid":{"rendered":"https:\/\/www.asenglish.pl\/szkola\/?page_id=198"},"modified":"2019-08-28T00:15:23","modified_gmt":"2019-08-27T22:15:23","slug":"test","status":"publish","type":"page","link":"https:\/\/www.asenglish.pl\/szkola\/test\/","title":{"rendered":"Test kwalifikacyjny"},"content":{"rendered":"<p>Test kwalifikacyjny (ang. placement test) to test okre\u015blaj\u0105cy poziom znajomo\u015bci j\u0119zyka obcego i pozwalaj\u0105cy przydzieli\u0107 ucznia do klasy na odpowiednim poziomie zaawansowania. Poni\u017cej zamieszczamy przyk\u0142adowy Placement Test z j\u0119zyka angielskiego dla m\u0142odzie\u017cy i doros\u0142ych, kt\u00f3ry zostaje sprawdzony automatycznie. Sk\u0142ada si\u0119 on ze 100 zada\u0144, podzielonych na 4 sekcje (po 25 zada\u0144 w ka\u017cdej), odpowiadaj\u0105ce 4 poziomom trudno\u015bci:<\/p>\n<ol>\n<li>pocz\u0105tkuj\u0105cy &#8211; wy\u017cej pocz\u0105tkuj\u0105cy [A1\/A2] (zad. 1-25);<\/li>\n<li>wy\u017cej pocz\u0105tkuj\u0105cy &#8211; ni\u017cej \u015bredniozaawansowany [A2\/B1] (zad. 26-50);<\/li>\n<li>ni\u017cej \u015bredniozaawansowany &#8211; \u015bredniozaawansowany [B1\/B2] (zad. 51- 75);<\/li>\n<li>\u015bredniozaawansowany &#8211; wy\u017cej \u015bredniozaawansowany [B2\/C1] (zad. 76-100).<\/li>\n<\/ol>\n<p>Test otwiera si\u0119 w nowym okienku po klikni\u0119ciu na poni\u017cszy przycisk:<\/p>\n<p><input type=\"button\" value=\"Placement Test\"\nonclick=\"window.open('https:\/\/www.asenglish.pl\/szkola\/placement_test\/','MyWindowtest','toolbar=no,location=no,directories=no,status=no,menubar=no,scrollbars=no,resizable=no,width=400,height=440,left=20,top=20')\" style=\"font-size: 14pt\"><\/p>\n<p><strong>Jak test jest oceniany<\/strong>:<\/p>\n<ul>\n<li><strong>Ocena punktowo &#8211; procentowa<\/strong> &#8211; pojawia si\u0119 po zako\u0144czeniu ca\u0142ego testu (tj. po zadaniu 100) i pokazuje na ile pyta\u0144 odpowiedzia\u0142e\u015b dobrze za pierwszym razem (tylko te odpowiedzi s\u0105 punktowane). Ka\u017cda dobra odpowied\u017a za pierwszym razem oceniana jest na 1 punkt, je\u015bli za\u015b odpowiesz dobrze za drugim lub trzecim razem nie dostaniesz \u017cadnego punktu (system ten przypomina wi\u0119c zwyk\u0142e testy pisemne, z tym \u017ce tu masz mo\u017cliwo\u015b\u0107 sprawdzenia wszystkich odpowiedzi). Ilo\u015b\u0107 uzyskanych punkt\u00f3w (maksymalnie 100) jest r\u00f3wnocze\u015bnie procentem dobrych odpowiedzi udzielonych za pierwszym razem. Aby zobaczy\u0107 swoj\u0105 ocen\u0119 punktow\u0105 musisz zrobi\u0107 ca\u0142y test.<\/li>\n<li><strong>Ocena procentowa<\/strong> (pojawia si\u0119 po ka\u017cdej odpowiedzi) &#8211; w <u>ka\u017cdym<\/u> pytaniu <u>ka\u017cda<\/u> twoja odpowied\u017a (klikni\u0119cie na A, B lub C) jest rejestrowana a\u017c do prawid\u0142owego &#8220;trafienia&#8221;. Og\u00f3lny wynik jest wyliczany poprzez podzielenie liczby prawid\u0142owych &#8220;trafie\u0144&#8221; przez liczb\u0119 <u>wszystkich<\/u> twoich odpowiedzi (w tym tych niew\u0142a\u015bciwych). Zatem je\u015bli np. na pytanie nr 1 wybierzesz najpierw z\u0142\u0105 odpowied\u017a, nast\u0119pnie prawid\u0142ow\u0105, masz zarejestrowane dwie odpowiedzi i jedno prawid\u0142owe &#8220;trafienie&#8221; tj. wynik 50% (1:2). Je\u015bli na nast\u0119pne pytanie odpowiesz dobrze za pierwszym razem masz zarejestrowane trzy odpowiedzi i dwa prawid\u0142owe &#8220;trafienia&#8221; (2:3 tj. 66%) itd. Je\u015bli ju\u017c odpowiesz na jakie\u015b pytanie prawid\u0142owo mo\u017cesz sprawdzi\u0107 te\u017c inne odpowiedzi bez gro\u017aby zani\u017cenia wyniku (nie s\u0105 one rejestrowane).<\/li>\n<\/ul>\n<p><strong>Jak interpretowa\u0107 wyniki testu<\/strong>:<\/p>\n<ul>\n<li><strong>Ocena punktowo &#8211; procentowa<\/strong> &#8211; poziomy zaawansowania:\n<ul>\n<li>Poni\u017cej 30 punkt\u00f3w &#8211; pocz\u0105tkuj\u0105cy [A1\/A2];<\/li>\n<li>30 &#8211; 50 punkt\u00f3w &#8211; wy\u017cej pocz\u0105tkuj\u0105cy [A2\/B1];<\/li>\n<li>50 &#8211; 70 punkt\u00f3w &#8211; ni\u017cej \u015bredniozaawansowany [B1];<\/li>\n<li>70 &#8211; 90 punkt\u00f3w &#8211; \u015bredniozaawansowany [B2];<\/li>\n<li>90 &#8211; 100 punkt\u00f3w &#8211; wy\u017cej \u015bredniozaawansowany [B2\/C1]<\/li>\n<\/ul>\n<\/li>\n<li><strong>Ocena procentowa<\/strong> &#8211; powinna w zasadzie pokrywa\u0107 si\u0119 lub by\u0107 zbli\u017cona do oceny punktowo &#8211; procentowej (ale tylko po zrobieniu ca\u0142ego testu).<\/li>\n<\/ul>\n","protected":false},"excerpt":{"rendered":"<p>Test kwalifikacyjny (ang. placement test) to test okre\u015blaj\u0105cy poziom znajomo\u015bci j\u0119zyka obcego i pozwalaj\u0105cy przydzieli\u0107 ucznia do klasy na odpowiednim poziomie zaawansowania. Poni\u017cej zamieszczamy przyk\u0142adowy Placement Test z j\u0119zyka angielskiego dla m\u0142odzie\u017cy i doros\u0142ych, kt\u00f3ry zostaje sprawdzony automatycznie. Sk\u0142ada si\u0119 on ze 100 zada\u0144, podzielonych na 4 sekcje (po 25 zada\u0144 w ka\u017cdej), odpowiadaj\u0105ce 4&hellip;&nbsp;<a href=\"https:\/\/www.asenglish.pl\/szkola\/test\/\" rel=\"bookmark\">Dowiedz si\u0119 wi\u0119cej &raquo;<span class=\"screen-reader-text\">Test kwalifikacyjny<\/span><\/a><\/p>\n","protected":false},"author":1,"featured_media":0,"parent":0,"menu_order":0,"comment_status":"closed","ping_status":"closed","template":"","meta":{"neve_meta_sidebar":"","neve_meta_container":"","neve_meta_enable_content_width":"","neve_meta_content_width":70,"neve_meta_title_alignment":"","neve_meta_author_avatar":"","neve_post_elements_order":"","neve_meta_disable_header":"","neve_meta_disable_footer":"","neve_meta_disable_title":"","footnotes":""},"class_list":["post-198","page","type-page","status-publish","hentry"],"yoast_head":"<!-- This site is optimized with the Yoast SEO plugin v26.2 - https:\/\/yoast.com\/wordpress\/plugins\/seo\/ -->\n<title>Test kwalifikacyjny - AS School of English<\/title>\n<meta name=\"description\" content=\"Test kwalifikacyjny (placement test) z j\u0119zyka anielskiego dla modzie\u017cy i doros\u0142ych okre\u015blaj\u0105cy poziom zaawansowania.\" \/>\n<meta name=\"robots\" content=\"index, follow, max-snippet:-1, max-image-preview:large, max-video-preview:-1\" \/>\n<link rel=\"canonical\" href=\"https:\/\/www.asenglish.pl\/szkola\/test\/\" \/>\n<meta property=\"og:locale\" content=\"pl_PL\" \/>\n<meta property=\"og:type\" content=\"article\" \/>\n<meta property=\"og:title\" content=\"Test kwalifikacyjny - AS School of English\" \/>\n<meta property=\"og:description\" content=\"Test kwalifikacyjny (placement test) z j\u0119zyka anielskiego dla modzie\u017cy i doros\u0142ych okre\u015blaj\u0105cy poziom zaawansowania.\" \/>\n<meta property=\"og:url\" content=\"https:\/\/www.asenglish.pl\/szkola\/test\/\" \/>\n<meta property=\"og:site_name\" content=\"AS School of English\" \/>\n<meta property=\"article:modified_time\" content=\"2019-08-27T22:15:23+00:00\" \/>\n<meta name=\"twitter:card\" content=\"summary_large_image\" \/>\n<meta name=\"twitter:label1\" content=\"Szacowany czas czytania\" \/>\n\t<meta name=\"twitter:data1\" content=\"2 minuty\" \/>\n<script type=\"application\/ld+json\" class=\"yoast-schema-graph\">{\"@context\":\"https:\/\/schema.org\",\"@graph\":[{\"@type\":\"WebPage\",\"@id\":\"https:\/\/www.asenglish.pl\/szkola\/test\/\",\"url\":\"https:\/\/www.asenglish.pl\/szkola\/test\/\",\"name\":\"Test kwalifikacyjny - AS School of English\",\"isPartOf\":{\"@id\":\"https:\/\/www.asenglish.pl\/szkola\/#website\"},\"datePublished\":\"2019-08-09T16:30:20+00:00\",\"dateModified\":\"2019-08-27T22:15:23+00:00\",\"description\":\"Test kwalifikacyjny (placement test) z j\u0119zyka anielskiego dla modzie\u017cy i doros\u0142ych okre\u015blaj\u0105cy poziom zaawansowania.\",\"breadcrumb\":{\"@id\":\"https:\/\/www.asenglish.pl\/szkola\/test\/#breadcrumb\"},\"inLanguage\":\"pl-PL\",\"potentialAction\":[{\"@type\":\"ReadAction\",\"target\":[\"https:\/\/www.asenglish.pl\/szkola\/test\/\"]}]},{\"@type\":\"BreadcrumbList\",\"@id\":\"https:\/\/www.asenglish.pl\/szkola\/test\/#breadcrumb\",\"itemListElement\":[{\"@type\":\"ListItem\",\"position\":1,\"name\":\"Strona g\u0142\u00f3wna\",\"item\":\"https:\/\/www.asenglish.pl\/szkola\/\"},{\"@type\":\"ListItem\",\"position\":2,\"name\":\"Test kwalifikacyjny\"}]},{\"@type\":\"WebSite\",\"@id\":\"https:\/\/www.asenglish.pl\/szkola\/#website\",\"url\":\"https:\/\/www.asenglish.pl\/szkola\/\",\"name\":\"AS School of English\",\"description\":\"Szko\u0142a j\u0119zykowa w J\u00f3zefowie ko\u0142o Warszawy\",\"publisher\":{\"@id\":\"https:\/\/www.asenglish.pl\/szkola\/#organization\"},\"potentialAction\":[{\"@type\":\"SearchAction\",\"target\":{\"@type\":\"EntryPoint\",\"urlTemplate\":\"https:\/\/www.asenglish.pl\/szkola\/?s={search_term_string}\"},\"query-input\":{\"@type\":\"PropertyValueSpecification\",\"valueRequired\":true,\"valueName\":\"search_term_string\"}}],\"inLanguage\":\"pl-PL\"},{\"@type\":\"Organization\",\"@id\":\"https:\/\/www.asenglish.pl\/szkola\/#organization\",\"name\":\"AS School of English\",\"url\":\"https:\/\/www.asenglish.pl\/szkola\/\",\"logo\":{\"@type\":\"ImageObject\",\"inLanguage\":\"pl-PL\",\"@id\":\"https:\/\/www.asenglish.pl\/szkola\/#\/schema\/logo\/image\/\",\"url\":\"https:\/\/www.asenglish.pl\/szkola\/wp-content\/uploads\/2018\/12\/aslogo.gif\",\"contentUrl\":\"https:\/\/www.asenglish.pl\/szkola\/wp-content\/uploads\/2018\/12\/aslogo.gif\",\"width\":121,\"height\":86,\"caption\":\"AS School of English\"},\"image\":{\"@id\":\"https:\/\/www.asenglish.pl\/szkola\/#\/schema\/logo\/image\/\"}}]}<\/script>\n<!-- \/ Yoast SEO plugin. -->","yoast_head_json":{"title":"Test kwalifikacyjny - AS School of English","description":"Test kwalifikacyjny (placement test) z j\u0119zyka anielskiego dla modzie\u017cy i doros\u0142ych okre\u015blaj\u0105cy poziom zaawansowania.","robots":{"index":"index","follow":"follow","max-snippet":"max-snippet:-1","max-image-preview":"max-image-preview:large","max-video-preview":"max-video-preview:-1"},"canonical":"https:\/\/www.asenglish.pl\/szkola\/test\/","og_locale":"pl_PL","og_type":"article","og_title":"Test kwalifikacyjny - AS School of English","og_description":"Test kwalifikacyjny (placement test) z j\u0119zyka anielskiego dla modzie\u017cy i doros\u0142ych okre\u015blaj\u0105cy poziom zaawansowania.","og_url":"https:\/\/www.asenglish.pl\/szkola\/test\/","og_site_name":"AS School of English","article_modified_time":"2019-08-27T22:15:23+00:00","twitter_card":"summary_large_image","twitter_misc":{"Szacowany czas czytania":"2 minuty"},"schema":{"@context":"https:\/\/schema.org","@graph":[{"@type":"WebPage","@id":"https:\/\/www.asenglish.pl\/szkola\/test\/","url":"https:\/\/www.asenglish.pl\/szkola\/test\/","name":"Test kwalifikacyjny - AS School of English","isPartOf":{"@id":"https:\/\/www.asenglish.pl\/szkola\/#website"},"datePublished":"2019-08-09T16:30:20+00:00","dateModified":"2019-08-27T22:15:23+00:00","description":"Test kwalifikacyjny (placement test) z j\u0119zyka anielskiego dla modzie\u017cy i doros\u0142ych okre\u015blaj\u0105cy poziom zaawansowania.","breadcrumb":{"@id":"https:\/\/www.asenglish.pl\/szkola\/test\/#breadcrumb"},"inLanguage":"pl-PL","potentialAction":[{"@type":"ReadAction","target":["https:\/\/www.asenglish.pl\/szkola\/test\/"]}]},{"@type":"BreadcrumbList","@id":"https:\/\/www.asenglish.pl\/szkola\/test\/#breadcrumb","itemListElement":[{"@type":"ListItem","position":1,"name":"Strona g\u0142\u00f3wna","item":"https:\/\/www.asenglish.pl\/szkola\/"},{"@type":"ListItem","position":2,"name":"Test kwalifikacyjny"}]},{"@type":"WebSite","@id":"https:\/\/www.asenglish.pl\/szkola\/#website","url":"https:\/\/www.asenglish.pl\/szkola\/","name":"AS School of English","description":"Szko\u0142a j\u0119zykowa w J\u00f3zefowie ko\u0142o Warszawy","publisher":{"@id":"https:\/\/www.asenglish.pl\/szkola\/#organization"},"potentialAction":[{"@type":"SearchAction","target":{"@type":"EntryPoint","urlTemplate":"https:\/\/www.asenglish.pl\/szkola\/?s={search_term_string}"},"query-input":{"@type":"PropertyValueSpecification","valueRequired":true,"valueName":"search_term_string"}}],"inLanguage":"pl-PL"},{"@type":"Organization","@id":"https:\/\/www.asenglish.pl\/szkola\/#organization","name":"AS School of English","url":"https:\/\/www.asenglish.pl\/szkola\/","logo":{"@type":"ImageObject","inLanguage":"pl-PL","@id":"https:\/\/www.asenglish.pl\/szkola\/#\/schema\/logo\/image\/","url":"https:\/\/www.asenglish.pl\/szkola\/wp-content\/uploads\/2018\/12\/aslogo.gif","contentUrl":"https:\/\/www.asenglish.pl\/szkola\/wp-content\/uploads\/2018\/12\/aslogo.gif","width":121,"height":86,"caption":"AS School of English"},"image":{"@id":"https:\/\/www.asenglish.pl\/szkola\/#\/schema\/logo\/image\/"}}]}},"_links":{"self":[{"href":"https:\/\/www.asenglish.pl\/szkola\/wp-json\/wp\/v2\/pages\/198","targetHints":{"allow":["GET"]}}],"collection":[{"href":"https:\/\/www.asenglish.pl\/szkola\/wp-json\/wp\/v2\/pages"}],"about":[{"href":"https:\/\/www.asenglish.pl\/szkola\/wp-json\/wp\/v2\/types\/page"}],"author":[{"embeddable":true,"href":"https:\/\/www.asenglish.pl\/szkola\/wp-json\/wp\/v2\/users\/1"}],"replies":[{"embeddable":true,"href":"https:\/\/www.asenglish.pl\/szkola\/wp-json\/wp\/v2\/comments?post=198"}],"version-history":[{"count":28,"href":"https:\/\/www.asenglish.pl\/szkola\/wp-json\/wp\/v2\/pages\/198\/revisions"}],"predecessor-version":[{"id":382,"href":"https:\/\/www.asenglish.pl\/szkola\/wp-json\/wp\/v2\/pages\/198\/revisions\/382"}],"wp:attachment":[{"href":"https:\/\/www.asenglish.pl\/szkola\/wp-json\/wp\/v2\/media?parent=198"}],"curies":[{"name":"wp","href":"https:\/\/api.w.org\/{rel}","templated":true}]}}