{"id":2,"date":"2018-11-08T18:50:24","date_gmt":"2018-11-08T17:50:24","guid":{"rendered":"http:\/\/asenglismh.cluster023.hosting.ovh.net\/szkola\/?page_id=2"},"modified":"2019-08-18T11:35:02","modified_gmt":"2019-08-18T09:35:02","slug":"przykladowa-strona","status":"publish","type":"page","link":"https:\/\/www.asenglish.pl\/szkola\/","title":{"rendered":"Szko\u0142a j\u0119zyka angielskiego w J\u00f3zefowie k. Warszawy"},"content":{"rendered":"\t\t<div data-elementor-type=\"wp-post\" data-elementor-id=\"2\" class=\"elementor elementor-2\">\n\t\t\t\t\t\t<section class=\"elementor-section elementor-top-section elementor-element elementor-element-840ebf6 elementor-section-boxed elementor-section-height-default elementor-section-height-default\" data-id=\"840ebf6\" data-element_type=\"section\">\n\t\t\t\t\t\t<div class=\"elementor-container elementor-column-gap-default\">\n\t\t\t\t\t<div class=\"elementor-column elementor-col-100 elementor-top-column elementor-element elementor-element-d40b8fc\" data-id=\"d40b8fc\" data-element_type=\"column\">\n\t\t\t<div class=\"elementor-widget-wrap elementor-element-populated\">\n\t\t\t\t\t\t<div class=\"elementor-element elementor-element-7dd70e5 elementor-widget elementor-widget-image\" data-id=\"7dd70e5\" data-element_type=\"widget\" data-widget_type=\"image.default\">\n\t\t\t\t<div class=\"elementor-widget-container\">\n\t\t\t\t\t\t\t\t\t\t\t\t\t\t\t<img decoding=\"async\" src=\"https:\/\/www.asenglish.pl\/szkola\/wp-content\/uploads\/elementor\/thumbs\/as-budynek-ocens0oedms09kwvbn3r44mresf3v486fp3555onhy.jpg\" title=\"Budynek AS School of English\" alt=\"AS School of English J\u00f3zef\u00f3w\" loading=\"lazy\" \/>\t\t\t\t\t\t\t\t\t\t\t\t\t\t\t<\/div>\n\t\t\t\t<\/div>\n\t\t\t\t\t<\/div>\n\t\t<\/div>\n\t\t\t\t\t<\/div>\n\t\t<\/section>\n\t\t\t\t<section class=\"elementor-section elementor-top-section elementor-element elementor-element-05aa3d4 elementor-section-boxed elementor-section-height-default elementor-section-height-default\" data-id=\"05aa3d4\" data-element_type=\"section\">\n\t\t\t\t\t\t<div class=\"elementor-container elementor-column-gap-default\">\n\t\t\t\t\t<div class=\"elementor-column elementor-col-50 elementor-top-column elementor-element elementor-element-040dac8\" data-id=\"040dac8\" data-element_type=\"column\">\n\t\t\t<div class=\"elementor-widget-wrap elementor-element-populated\">\n\t\t\t\t\t\t<div class=\"elementor-element elementor-element-b2badaa elementor-widget elementor-widget-text-editor\" data-id=\"b2badaa\" data-element_type=\"widget\" data-widget_type=\"text-editor.default\">\n\t\t\t\t<div class=\"elementor-widget-container\">\n\t\t\t\t\t\t\t\t\t<h2>Nasza szko\u0142a<\/h2><p>Szko\u0142a j\u0119zykowa <strong>AS School of English<\/strong> prowadzi nauk\u0119 j\u0119zyka angielskiego na terenie J\u00f3zefowa\/Michalina ko\u0142o Warszawy od 1996 roku. Zaj\u0119cia odbywaj\u0105 si\u0119 w budynku przy ulicy Armii Krajowej 28a (Michalin), ucz\u0119szczaj\u0105 za\u015b na nie dzieci, m\u0142odzie\u017c i doro\u015bli z J\u00f3zefowa\/Michalina oraz pobliskiej Warszawy &#8211; Falenicy i Otwocka. Jej dzia\u0142alno\u015b\u0107 oparta jest na w\u0142asnym\u00a0<a href=\"https:\/\/www.asenglish.pl\/szkola\/statut\/\" target=\"_blank\" rel=\"noopener noreferrer\">statucie<\/a>.<\/p><h2>Nasza oferta<\/h2><p>Na nasze kursy i korepetycje z j\u0119zyka angielskiego zapraszamy dzieci (od 6 lat), m\u0142odzie\u017c i doros\u0142ych na wszystkich poziomach zaawansowania, w godzinach rannych, popo\u0142udniowych i wieczornych. Przygotowujemy r\u00f3wnie\u017c do egzamin\u00f3w: na zako\u0144czenie szko\u0142y podstawowej, maturalnego oraz First Certificate in English (FCE) i Certificate in Advanced English (CAE).<\/p>\t\t\t\t\t\t\t\t<\/div>\n\t\t\t\t<\/div>\n\t\t\t\t\t<\/div>\n\t\t<\/div>\n\t\t\t\t<div class=\"elementor-column elementor-col-50 elementor-top-column elementor-element elementor-element-cb7f2ba\" data-id=\"cb7f2ba\" data-element_type=\"column\">\n\t\t\t<div class=\"elementor-widget-wrap elementor-element-populated\">\n\t\t\t\t\t\t<div class=\"elementor-element elementor-element-877fa53 elementor-widget elementor-widget-text-editor\" data-id=\"877fa53\" data-element_type=\"widget\" data-widget_type=\"text-editor.default\">\n\t\t\t\t<div class=\"elementor-widget-container\">\n\t\t\t\t\t\t\t\t\t<h2>Program<\/h2><p>Zaj\u0119cia prowadzone s\u0105 przez wykwalifikowanych lektor\u00f3w, zar\u00f3wno polskich, jak i angielskich (native speakers), w ma\u0142ych (4-8 osobowych) grupach wiekowych, z wykorzystaniem najnowszych materia\u0142\u00f3w znanych wydawnictw brytyjskich oraz pomocy multimedialnych i audio &#8211; wizualnych, w mi\u0142ej, rodzinnej atmosferze. Proponujemy te\u017c r\u00f3\u017cnorodne urozmaicenia procesu nauczania. Zapewniamy przy tym kontynuacj\u0119 nauki i systematyczne sprawdzanie post\u0119p\u00f3w ucznia &#8211; po zaliczeniu danego poziomu (co jest dokumentowane otrzymanym \u015bwiadectwem) przechodzi on automatycznie na poziom bardziej zaawansowany. Poza tym, zgodnie z zasad\u0105 <b>&#8220;English Spoken Here&#8221;<\/b>, szczeg\u00f3lny nacisk k\u0142adziemy na umiej\u0119tno\u015b\u0107 swobodnego porozumiewania si\u0119 po angielsku (angielski m\u00f3wiony), nie zaniedbuj\u0105c jednak pozosta\u0142ych element\u00f3w j\u0119zyka (pisanie, czytanie). Doskona\u0142\u0105 okazj\u0105 do \u0107wiczenia i prze\u0142amywania barier w j\u0119zyku m\u00f3wionym s\u0105 zaj\u0119cia prowadzone przez native speakers (na wy\u017cszych poziomach zaawansowania na przemian z lektorem polskim, tzw. system dualny).<\/p>\t\t\t\t\t\t\t\t<\/div>\n\t\t\t\t<\/div>\n\t\t\t\t\t<\/div>\n\t\t<\/div>\n\t\t\t\t\t<\/div>\n\t\t<\/section>\n\t\t\t\t<section class=\"elementor-section elementor-top-section elementor-element elementor-element-cc3c47f elementor-section-boxed elementor-section-height-default elementor-section-height-default\" data-id=\"cc3c47f\" data-element_type=\"section\">\n\t\t\t\t\t\t<div class=\"elementor-container elementor-column-gap-default\">\n\t\t\t\t\t<div class=\"elementor-column elementor-col-100 elementor-top-column elementor-element elementor-element-eb642a1\" data-id=\"eb642a1\" data-element_type=\"column\">\n\t\t\t<div class=\"elementor-widget-wrap elementor-element-populated\">\n\t\t\t\t\t\t<div class=\"elementor-element elementor-element-1d1037f elementor-widget elementor-widget-shortcode\" data-id=\"1d1037f\" data-element_type=\"widget\" data-widget_type=\"shortcode.default\">\n\t\t\t\t<div class=\"elementor-widget-container\">\n\t\t\t\t\t\t\t<div class=\"elementor-shortcode\">\t\t\t<div class=\"wps-shortcode-wrapper wps-quote wps-default \" id=\"wps-quote\">\n\t\t\t\t<div class=\"wps-quote-inner\">\n\t\t\t\t\t<p>Nasz\u0105 dewiz\u0105 jest indywidualne podej\u015bcie do ka\u017cdego ucznia oraz utrzymywanie tempa nauki w zale\u017cno\u015bci od jego potrzeb i mo\u017cliwo\u015bci. Gwarantujemy, \u017ce przy odrobinie systematyczno\u015bci przynosi to znakomite rezultaty.<\/p><span class=\"wps-quote-cite\">S\u0142awomir Tobiasz (dyrektor)<\/span>\t\t\t\t<\/div>\n\t\t\t<\/div>\n\t\t<\/div>\n\t\t\t\t\t\t<\/div>\n\t\t\t\t<\/div>\n\t\t\t\t\t<\/div>\n\t\t<\/div>\n\t\t\t\t\t<\/div>\n\t\t<\/section>\n\t\t\t\t<\/div>\n\t\t","protected":false},"excerpt":{"rendered":"<p>Nasza szko\u0142a Szko\u0142a j\u0119zykowa AS School of English prowadzi nauk\u0119 j\u0119zyka angielskiego na terenie J\u00f3zefowa\/Michalina ko\u0142o Warszawy od 1996 roku. Zaj\u0119cia odbywaj\u0105 si\u0119 w budynku przy ulicy Armii Krajowej 28a (Michalin), ucz\u0119szczaj\u0105 za\u015b na nie dzieci, m\u0142odzie\u017c i doro\u015bli z J\u00f3zefowa\/Michalina oraz pobliskiej Warszawy &#8211; Falenicy i Otwocka. Jej dzia\u0142alno\u015b\u0107 oparta jest na w\u0142asnym\u00a0statucie. Nasza&hellip;&nbsp;<a href=\"https:\/\/www.asenglish.pl\/szkola\/\" rel=\"bookmark\">Dowiedz si\u0119 wi\u0119cej &raquo;<span class=\"screen-reader-text\">Szko\u0142a j\u0119zyka angielskiego w J\u00f3zefowie k. Warszawy<\/span><\/a><\/p>\n","protected":false},"author":1,"featured_media":0,"parent":0,"menu_order":0,"comment_status":"closed","ping_status":"open","template":"","meta":{"neve_meta_sidebar":"","neve_meta_container":"","neve_meta_enable_content_width":"","neve_meta_content_width":70,"neve_meta_title_alignment":"","neve_meta_author_avatar":"","neve_post_elements_order":"","neve_meta_disable_header":"","neve_meta_disable_footer":"","neve_meta_disable_title":"on","footnotes":""},"class_list":["post-2","page","type-page","status-publish","hentry"],"yoast_head":"<!-- This site is optimized with the Yoast SEO plugin v26.2 - https:\/\/yoast.com\/wordpress\/plugins\/seo\/ -->\n<title>Szko\u0142a j\u0119zyka angielskiego w J\u00f3zefowie k. Warszawy - AS School of English<\/title>\n<meta name=\"description\" content=\"Kursy i korpetycje z j\u0119zyka angielskiego w J\u00f3zefowie ko\u0142o Warszawy. Szko\u0142a j\u0119zykowa AS School of English.\" \/>\n<meta name=\"robots\" content=\"index, follow, max-snippet:-1, max-image-preview:large, max-video-preview:-1\" \/>\n<link rel=\"canonical\" href=\"https:\/\/www.asenglish.pl\/szkola\/\" \/>\n<meta property=\"og:locale\" content=\"pl_PL\" \/>\n<meta property=\"og:type\" content=\"article\" \/>\n<meta property=\"og:title\" content=\"Szko\u0142a j\u0119zyka angielskiego w J\u00f3zefowie k. Warszawy - AS School of English\" \/>\n<meta property=\"og:description\" content=\"Kursy i korpetycje z j\u0119zyka angielskiego w J\u00f3zefowie ko\u0142o Warszawy. Szko\u0142a j\u0119zykowa AS School of English.\" \/>\n<meta property=\"og:url\" content=\"https:\/\/www.asenglish.pl\/szkola\/\" \/>\n<meta property=\"og:site_name\" content=\"AS School of English\" \/>\n<meta property=\"article:modified_time\" content=\"2019-08-18T09:35:02+00:00\" \/>\n<meta property=\"og:image\" content=\"http:\/\/www.asenglish.pl\/szkola\/wp-content\/uploads\/elementor\/thumbs\/as-budynek-ocens0oedms09kwvbn3r44mresf3v486fp3555oni8.jpg\" \/>\n<meta name=\"twitter:card\" content=\"summary_large_image\" \/>\n<meta name=\"twitter:label1\" content=\"Szacowany czas czytania\" \/>\n\t<meta name=\"twitter:data1\" content=\"2 minuty\" \/>\n<script type=\"application\/ld+json\" class=\"yoast-schema-graph\">{\"@context\":\"https:\/\/schema.org\",\"@graph\":[{\"@type\":\"WebPage\",\"@id\":\"https:\/\/www.asenglish.pl\/szkola\/\",\"url\":\"https:\/\/www.asenglish.pl\/szkola\/\",\"name\":\"Szko\u0142a j\u0119zyka angielskiego w J\u00f3zefowie k. Warszawy - AS School of English\",\"isPartOf\":{\"@id\":\"https:\/\/www.asenglish.pl\/szkola\/#website\"},\"primaryImageOfPage\":{\"@id\":\"https:\/\/www.asenglish.pl\/szkola\/#primaryimage\"},\"image\":{\"@id\":\"https:\/\/www.asenglish.pl\/szkola\/#primaryimage\"},\"thumbnailUrl\":\"http:\/\/www.asenglish.pl\/szkola\/wp-content\/uploads\/elementor\/thumbs\/as-budynek-ocens0oedms09kwvbn3r44mresf3v486fp3555oni8.jpg\",\"datePublished\":\"2018-11-08T17:50:24+00:00\",\"dateModified\":\"2019-08-18T09:35:02+00:00\",\"description\":\"Kursy i korpetycje z j\u0119zyka angielskiego w J\u00f3zefowie ko\u0142o Warszawy. Szko\u0142a j\u0119zykowa AS School of English.\",\"breadcrumb\":{\"@id\":\"https:\/\/www.asenglish.pl\/szkola\/#breadcrumb\"},\"inLanguage\":\"pl-PL\",\"potentialAction\":[{\"@type\":\"ReadAction\",\"target\":[\"https:\/\/www.asenglish.pl\/szkola\/\"]}]},{\"@type\":\"ImageObject\",\"inLanguage\":\"pl-PL\",\"@id\":\"https:\/\/www.asenglish.pl\/szkola\/#primaryimage\",\"url\":\"http:\/\/www.asenglish.pl\/szkola\/wp-content\/uploads\/elementor\/thumbs\/as-budynek-ocens0oedms09kwvbn3r44mresf3v486fp3555oni8.jpg\",\"contentUrl\":\"http:\/\/www.asenglish.pl\/szkola\/wp-content\/uploads\/elementor\/thumbs\/as-budynek-ocens0oedms09kwvbn3r44mresf3v486fp3555oni8.jpg\"},{\"@type\":\"BreadcrumbList\",\"@id\":\"https:\/\/www.asenglish.pl\/szkola\/#breadcrumb\",\"itemListElement\":[{\"@type\":\"ListItem\",\"position\":1,\"name\":\"Strona g\u0142\u00f3wna\",\"item\":\"https:\/\/www.asenglish.pl\/szkola\/\"},{\"@type\":\"ListItem\",\"position\":2,\"name\":\"Szko\u0142a j\u0119zyka angielskiego w J\u00f3zefowie k. Warszawy\"}]},{\"@type\":\"WebSite\",\"@id\":\"https:\/\/www.asenglish.pl\/szkola\/#website\",\"url\":\"https:\/\/www.asenglish.pl\/szkola\/\",\"name\":\"AS School of English\",\"description\":\"Szko\u0142a j\u0119zykowa w J\u00f3zefowie ko\u0142o Warszawy\",\"publisher\":{\"@id\":\"https:\/\/www.asenglish.pl\/szkola\/#organization\"},\"potentialAction\":[{\"@type\":\"SearchAction\",\"target\":{\"@type\":\"EntryPoint\",\"urlTemplate\":\"https:\/\/www.asenglish.pl\/szkola\/?s={search_term_string}\"},\"query-input\":{\"@type\":\"PropertyValueSpecification\",\"valueRequired\":true,\"valueName\":\"search_term_string\"}}],\"inLanguage\":\"pl-PL\"},{\"@type\":\"Organization\",\"@id\":\"https:\/\/www.asenglish.pl\/szkola\/#organization\",\"name\":\"AS School of English\",\"url\":\"https:\/\/www.asenglish.pl\/szkola\/\",\"logo\":{\"@type\":\"ImageObject\",\"inLanguage\":\"pl-PL\",\"@id\":\"https:\/\/www.asenglish.pl\/szkola\/#\/schema\/logo\/image\/\",\"url\":\"https:\/\/www.asenglish.pl\/szkola\/wp-content\/uploads\/2018\/12\/aslogo.gif\",\"contentUrl\":\"https:\/\/www.asenglish.pl\/szkola\/wp-content\/uploads\/2018\/12\/aslogo.gif\",\"width\":121,\"height\":86,\"caption\":\"AS School of English\"},\"image\":{\"@id\":\"https:\/\/www.asenglish.pl\/szkola\/#\/schema\/logo\/image\/\"}}]}<\/script>\n<!-- \/ Yoast SEO plugin. -->","yoast_head_json":{"title":"Szko\u0142a j\u0119zyka angielskiego w J\u00f3zefowie k. Warszawy - AS School of English","description":"Kursy i korpetycje z j\u0119zyka angielskiego w J\u00f3zefowie ko\u0142o Warszawy. Szko\u0142a j\u0119zykowa AS School of English.","robots":{"index":"index","follow":"follow","max-snippet":"max-snippet:-1","max-image-preview":"max-image-preview:large","max-video-preview":"max-video-preview:-1"},"canonical":"https:\/\/www.asenglish.pl\/szkola\/","og_locale":"pl_PL","og_type":"article","og_title":"Szko\u0142a j\u0119zyka angielskiego w J\u00f3zefowie k. Warszawy - AS School of English","og_description":"Kursy i korpetycje z j\u0119zyka angielskiego w J\u00f3zefowie ko\u0142o Warszawy. Szko\u0142a j\u0119zykowa AS School of English.","og_url":"https:\/\/www.asenglish.pl\/szkola\/","og_site_name":"AS School of English","article_modified_time":"2019-08-18T09:35:02+00:00","og_image":[{"url":"http:\/\/www.asenglish.pl\/szkola\/wp-content\/uploads\/elementor\/thumbs\/as-budynek-ocens0oedms09kwvbn3r44mresf3v486fp3555oni8.jpg","type":"","width":"","height":""}],"twitter_card":"summary_large_image","twitter_misc":{"Szacowany czas czytania":"2 minuty"},"schema":{"@context":"https:\/\/schema.org","@graph":[{"@type":"WebPage","@id":"https:\/\/www.asenglish.pl\/szkola\/","url":"https:\/\/www.asenglish.pl\/szkola\/","name":"Szko\u0142a j\u0119zyka angielskiego w J\u00f3zefowie k. Warszawy - AS School of English","isPartOf":{"@id":"https:\/\/www.asenglish.pl\/szkola\/#website"},"primaryImageOfPage":{"@id":"https:\/\/www.asenglish.pl\/szkola\/#primaryimage"},"image":{"@id":"https:\/\/www.asenglish.pl\/szkola\/#primaryimage"},"thumbnailUrl":"http:\/\/www.asenglish.pl\/szkola\/wp-content\/uploads\/elementor\/thumbs\/as-budynek-ocens0oedms09kwvbn3r44mresf3v486fp3555oni8.jpg","datePublished":"2018-11-08T17:50:24+00:00","dateModified":"2019-08-18T09:35:02+00:00","description":"Kursy i korpetycje z j\u0119zyka angielskiego w J\u00f3zefowie ko\u0142o Warszawy. Szko\u0142a j\u0119zykowa AS School of English.","breadcrumb":{"@id":"https:\/\/www.asenglish.pl\/szkola\/#breadcrumb"},"inLanguage":"pl-PL","potentialAction":[{"@type":"ReadAction","target":["https:\/\/www.asenglish.pl\/szkola\/"]}]},{"@type":"ImageObject","inLanguage":"pl-PL","@id":"https:\/\/www.asenglish.pl\/szkola\/#primaryimage","url":"http:\/\/www.asenglish.pl\/szkola\/wp-content\/uploads\/elementor\/thumbs\/as-budynek-ocens0oedms09kwvbn3r44mresf3v486fp3555oni8.jpg","contentUrl":"http:\/\/www.asenglish.pl\/szkola\/wp-content\/uploads\/elementor\/thumbs\/as-budynek-ocens0oedms09kwvbn3r44mresf3v486fp3555oni8.jpg"},{"@type":"BreadcrumbList","@id":"https:\/\/www.asenglish.pl\/szkola\/#breadcrumb","itemListElement":[{"@type":"ListItem","position":1,"name":"Strona g\u0142\u00f3wna","item":"https:\/\/www.asenglish.pl\/szkola\/"},{"@type":"ListItem","position":2,"name":"Szko\u0142a j\u0119zyka angielskiego w J\u00f3zefowie k. Warszawy"}]},{"@type":"WebSite","@id":"https:\/\/www.asenglish.pl\/szkola\/#website","url":"https:\/\/www.asenglish.pl\/szkola\/","name":"AS School of English","description":"Szko\u0142a j\u0119zykowa w J\u00f3zefowie ko\u0142o Warszawy","publisher":{"@id":"https:\/\/www.asenglish.pl\/szkola\/#organization"},"potentialAction":[{"@type":"SearchAction","target":{"@type":"EntryPoint","urlTemplate":"https:\/\/www.asenglish.pl\/szkola\/?s={search_term_string}"},"query-input":{"@type":"PropertyValueSpecification","valueRequired":true,"valueName":"search_term_string"}}],"inLanguage":"pl-PL"},{"@type":"Organization","@id":"https:\/\/www.asenglish.pl\/szkola\/#organization","name":"AS School of English","url":"https:\/\/www.asenglish.pl\/szkola\/","logo":{"@type":"ImageObject","inLanguage":"pl-PL","@id":"https:\/\/www.asenglish.pl\/szkola\/#\/schema\/logo\/image\/","url":"https:\/\/www.asenglish.pl\/szkola\/wp-content\/uploads\/2018\/12\/aslogo.gif","contentUrl":"https:\/\/www.asenglish.pl\/szkola\/wp-content\/uploads\/2018\/12\/aslogo.gif","width":121,"height":86,"caption":"AS School of English"},"image":{"@id":"https:\/\/www.asenglish.pl\/szkola\/#\/schema\/logo\/image\/"}}]}},"_links":{"self":[{"href":"https:\/\/www.asenglish.pl\/szkola\/wp-json\/wp\/v2\/pages\/2","targetHints":{"allow":["GET"]}}],"collection":[{"href":"https:\/\/www.asenglish.pl\/szkola\/wp-json\/wp\/v2\/pages"}],"about":[{"href":"https:\/\/www.asenglish.pl\/szkola\/wp-json\/wp\/v2\/types\/page"}],"author":[{"embeddable":true,"href":"https:\/\/www.asenglish.pl\/szkola\/wp-json\/wp\/v2\/users\/1"}],"replies":[{"embeddable":true,"href":"https:\/\/www.asenglish.pl\/szkola\/wp-json\/wp\/v2\/comments?post=2"}],"version-history":[{"count":44,"href":"https:\/\/www.asenglish.pl\/szkola\/wp-json\/wp\/v2\/pages\/2\/revisions"}],"predecessor-version":[{"id":331,"href":"https:\/\/www.asenglish.pl\/szkola\/wp-json\/wp\/v2\/pages\/2\/revisions\/331"}],"wp:attachment":[{"href":"https:\/\/www.asenglish.pl\/szkola\/wp-json\/wp\/v2\/media?parent=2"}],"curies":[{"name":"wp","href":"https:\/\/api.w.org\/{rel}","templated":true}]}}