{"id":268,"date":"2019-08-11T12:36:23","date_gmt":"2019-08-11T10:36:23","guid":{"rendered":"https:\/\/www.asenglish.pl\/szkola\/?page_id=268"},"modified":"2019-08-13T17:11:09","modified_gmt":"2019-08-13T15:11:09","slug":"zapisy","status":"publish","type":"page","link":"https:\/\/www.asenglish.pl\/szkola\/zapisy\/","title":{"rendered":"Zapisy na kursy angielskiego w J\u00f3zefowie"},"content":{"rendered":"<p>&nbsp;<br \/>\nAby zapisa\u0107 si\u0119 na kurs w naszej szkole um\u00f3w si\u0119 z nami telefonicznie na test kwalifikacyjny, kt\u00f3ry pomo\u017ce okre\u015bli\u0107 Tw\u00f3j poziom zaawansowania i przydzieli\u0107 Ci\u0119 do odpowiedniej grupy. Nasz telefon to: <strong>508348681<\/strong>. Mo\u017cesz te\u017c skorzysta\u0107 z poni\u017cszego formularza zg\u0142oszeniowego, po przes\u0142aniu kt\u00f3rego skontaktujemy si\u0119 z Tob\u0105:<\/p>\n\n<div class=\"wpcf7 no-js\" id=\"wpcf7-f272-o1\" lang=\"pl-PL\" dir=\"ltr\" data-wpcf7-id=\"272\">\n<div class=\"screen-reader-response\"><p role=\"status\" aria-live=\"polite\" aria-atomic=\"true\"><\/p> <ul><\/ul><\/div>\n<form action=\"\/szkola\/wp-json\/wp\/v2\/pages\/268#wpcf7-f272-o1\" method=\"post\" class=\"wpcf7-form init\" aria-label=\"Formularz kontaktowy\" novalidate=\"novalidate\" data-status=\"init\">\n<fieldset class=\"hidden-fields-container\"><input type=\"hidden\" name=\"_wpcf7\" value=\"272\" \/><input type=\"hidden\" name=\"_wpcf7_version\" value=\"6.1.2\" \/><input type=\"hidden\" name=\"_wpcf7_locale\" value=\"pl_PL\" \/><input type=\"hidden\" name=\"_wpcf7_unit_tag\" value=\"wpcf7-f272-o1\" \/><input type=\"hidden\" name=\"_wpcf7_container_post\" value=\"0\" \/><input type=\"hidden\" name=\"_wpcf7_posted_data_hash\" value=\"\" \/>\n<\/fieldset>\n<p>\t\t\t<div class=\"wps-shortcode-wrapper wps-row \" id=\"wps-row\">\n\t\t\t\t\t\t\t<div class=\"wps-column wps-shortcode-wrapper wps-column-size-1-2 \">\n\t\t\t\t<div class=\"wps-column-inner\">1. <strong>Dane identyfikacyjne<\/strong>\n<\/p>\n<p><label> Imi\u0119 i nazwisko (wymagane)<br \/>\n<span class=\"wpcf7-form-control-wrap\" data-name=\"your-name\"><input size=\"40\" maxlength=\"400\" class=\"wpcf7-form-control wpcf7-text wpcf7-validates-as-required\" aria-required=\"true\" aria-invalid=\"false\" value=\"\" type=\"text\" name=\"your-name\" \/><\/span> <\/label>\n<\/p>\n<p><label> Wiek w latach (wymagane)<br \/>\n<span class=\"wpcf7-form-control-wrap\" data-name=\"your-age\"><input size=\"40\" maxlength=\"400\" class=\"wpcf7-form-control wpcf7-text wpcf7-validates-as-required\" aria-required=\"true\" aria-invalid=\"false\" value=\"\" type=\"text\" name=\"your-age\" \/><\/span> <\/label>\n<\/p>\n<p><label> Miejscowo\u015b\u0107<br \/>\n<span class=\"wpcf7-form-control-wrap\" data-name=\"your-location\"><input size=\"40\" maxlength=\"400\" class=\"wpcf7-form-control wpcf7-text\" aria-invalid=\"false\" value=\"\" type=\"text\" name=\"your-location\" \/><\/span> <\/label>\n<\/p>\n<p><label> Telefon kontaktowy<br \/>\n<span class=\"wpcf7-form-control-wrap\" data-name=\"your-tel\"><input size=\"40\" maxlength=\"400\" class=\"wpcf7-form-control wpcf7-tel wpcf7-text wpcf7-validates-as-tel\" aria-invalid=\"false\" value=\"\" type=\"tel\" name=\"your-tel\" \/><\/span> <\/label>\n<\/p>\n<p><label> Adres email (wymagane)<br \/>\n<span class=\"wpcf7-form-control-wrap\" data-name=\"your-email\"><input size=\"40\" maxlength=\"400\" class=\"wpcf7-form-control wpcf7-email wpcf7-validates-as-required wpcf7-text wpcf7-validates-as-email\" aria-required=\"true\" aria-invalid=\"false\" value=\"\" type=\"email\" name=\"your-email\" \/><\/span> <\/label>\n<\/p>\n<p>2. <strong>Dane o poziomie angielskiego<\/strong>\n<\/p>\n<p><label>\t\t\t<span class=\"wps-shortcode-wrapper wps-icon \" id=\"wps-icon\" style=\"display: inline-block; background-color: #dd3333; padding: 3px; font-size: 14px; color: #fff; min-width: 1em; min-height: 1em; text-align: center;border-radius:5px;-moz-border-radius:5px;-webkit-border-radius:5px;\">\n\t\t\t\t<i class=\"fa fa-question-circle\"><\/i>\t\t\t<\/span>\n\t\t&nbsp;Jak d\u0142ugo uczy\u0142e(a)\u015b si\u0119 angielskiego?<br \/>\n<span class=\"wpcf7-form-control-wrap\" data-name=\"menu-539\"><select class=\"wpcf7-form-control wpcf7-select\" aria-invalid=\"false\" name=\"menu-539\"><option value=\"Wybierz:\">Wybierz:<\/option><option value=\"nie uczy\u0142e(a)m si\u0119\">nie uczy\u0142e(a)m si\u0119<\/option><option value=\"1 rok\">1 rok<\/option><option value=\"2 lata\">2 lata<\/option><option value=\"3 lata\">3 lata<\/option><option value=\"d\u0142u\u017cej ni\u017c 3 lata\">d\u0142u\u017cej ni\u017c 3 lata<\/option><option value=\"klika lat ale mia\u0142e(a)m przerw\u0119\">klika lat ale mia\u0142e(a)m przerw\u0119<\/option><option value=\"inny wyb\u00f3r (zaznacz w uwagach)\">inny wyb\u00f3r (zaznacz w uwagach)<\/option><\/select><\/span> <\/label>\n<\/p>\n<p><label>\t\t\t<span class=\"wps-shortcode-wrapper wps-icon \" id=\"wps-icon\" style=\"display: inline-block; background-color: #dd3333; padding: 3px; font-size: 14px; color: #fff; min-width: 1em; min-height: 1em; text-align: center;border-radius:5px;-moz-border-radius:5px;-webkit-border-radius:5px;\">\n\t\t\t\t<i class=\"fa fa-question-circle\"><\/i>\t\t\t<\/span>\n\t\t&nbsp;Jak oceniasz sw\u00f3j poziom?<br \/>\n<span class=\"wpcf7-form-control-wrap\" data-name=\"menu-332\"><select class=\"wpcf7-form-control wpcf7-select\" aria-invalid=\"false\" name=\"menu-332\"><option value=\"Wybierz:\">Wybierz:<\/option><option value=\"Zupe\u0142nie pocz\u0105tkuj\u0105cy\">Zupe\u0142nie pocz\u0105tkuj\u0105cy<\/option><option value=\"Pocz\u0105tkuj\u0105cy\">Pocz\u0105tkuj\u0105cy<\/option><option value=\"Wy\u017cej pocz\u0105tkuj\u0105cy\">Wy\u017cej pocz\u0105tkuj\u0105cy<\/option><option value=\"Ni\u017cej \u015bredniozaawansowany\">Ni\u017cej \u015bredniozaawansowany<\/option><option value=\"\u015aredniozaawansowany\">\u015aredniozaawansowany<\/option><option value=\"Wy\u017cej \u015bredniozaawansowany\">Wy\u017cej \u015bredniozaawansowany<\/option><option value=\"Zaawansowany\">Zaawansowany<\/option><option value=\"Nie wiem\">Nie wiem<\/option><\/select><\/span> <\/label><br \/>\nJe\u015bli masz problemy z ocen\u0105 poziomu, zr\u00f3b <a href=\"https:\/\/www.asenglish.pl\/szkola\/test\/\" rel=\"noopener\" target=\"_blank\">test kwalifikacyjny<\/a>.\n<\/p>\n<p>\t\t\t<span class=\"wps-shortcode-wrapper wps-icon \" id=\"wps-icon\" style=\"display: inline-block; background-color: #dd3333; padding: 3px; font-size: 14px; color: #fff; min-width: 1em; min-height: 1em; text-align: center;border-radius:5px;-moz-border-radius:5px;-webkit-border-radius:5px;\">\n\t\t\t\t<i class=\"fa fa-question-circle\"><\/i>\t\t\t<\/span>\n\t\t&nbsp;W czym masz najwi\u0119ksze braki?\n<\/p>\n<p><span class=\"wpcf7-form-control-wrap\" data-name=\"checkbox-328\"><span class=\"wpcf7-form-control wpcf7-checkbox\"><span class=\"wpcf7-list-item first\"><label><input type=\"checkbox\" name=\"checkbox-328&#091;&#093;\" value=\"Pisownia\" \/><span class=\"wpcf7-list-item-label\">Pisownia<\/span><\/label><\/span><span class=\"wpcf7-list-item\"><label><input type=\"checkbox\" name=\"checkbox-328&#091;&#093;\" value=\"M\u00f3wienie\" \/><span class=\"wpcf7-list-item-label\">M\u00f3wienie<\/span><\/label><\/span><span class=\"wpcf7-list-item\"><label><input type=\"checkbox\" name=\"checkbox-328&#091;&#093;\" value=\"Rozumienie\" \/><span class=\"wpcf7-list-item-label\">Rozumienie<\/span><\/label><\/span><span class=\"wpcf7-list-item\"><label><input type=\"checkbox\" name=\"checkbox-328&#091;&#093;\" value=\"Gramatyka\" \/><span class=\"wpcf7-list-item-label\">Gramatyka<\/span><\/label><\/span><span class=\"wpcf7-list-item\"><label><input type=\"checkbox\" name=\"checkbox-328&#091;&#093;\" value=\"S\u0142ownictwo\" \/><span class=\"wpcf7-list-item-label\">S\u0142ownictwo<\/span><\/label><\/span><span class=\"wpcf7-list-item\"><label><input type=\"checkbox\" name=\"checkbox-328&#091;&#093;\" value=\"We wszystkim\" \/><span class=\"wpcf7-list-item-label\">We wszystkim<\/span><\/label><\/span><span class=\"wpcf7-list-item\"><label><input type=\"checkbox\" name=\"checkbox-328&#091;&#093;\" value=\"W niczym\" \/><span class=\"wpcf7-list-item-label\">W niczym<\/span><\/label><\/span><span class=\"wpcf7-list-item last\"><label><input type=\"checkbox\" name=\"checkbox-328&#091;&#093;\" value=\"Inne (okre\u015bl w uwagach poni\u017cej)\" \/><span class=\"wpcf7-list-item-label\">Inne (okre\u015bl w uwagach poni\u017cej)<\/span><\/label><\/span><\/span><\/span><\/div>\n\t\t\t<\/div>\n\t\t\n<\/p>\n<p>\t\t\t<div class=\"wps-column wps-shortcode-wrapper wps-column-size-1-2 \">\n\t\t\t\t<div class=\"wps-column-inner\">3. <strong>Preferencje<\/strong>\n<\/p>\n<p>\t\t\t<span class=\"wps-shortcode-wrapper wps-icon \" id=\"wps-icon\" style=\"display: inline-block; background-color: #dd3333; padding: 3px; font-size: 14px; color: #fff; min-width: 1em; min-height: 1em; text-align: center;border-radius:5px;-moz-border-radius:5px;-webkit-border-radius:5px;\">\n\t\t\t\t<i class=\"fa fa-question-circle\"><\/i>\t\t\t<\/span>\n\t\t&nbsp;Na jaki kurs chcia\u0142(a)by\u015b ucz\u0119szcza\u0107?\n<\/p>\n<p><span class=\"wpcf7-form-control-wrap\" data-name=\"checkbox-426\"><span class=\"wpcf7-form-control wpcf7-checkbox\"><span class=\"wpcf7-list-item first\"><label><input type=\"checkbox\" name=\"checkbox-426&#091;&#093;\" value=\"zwyk\u0142y (2 godz. tygodniowo)\" \/><span class=\"wpcf7-list-item-label\">zwyk\u0142y (2 godz. tygodniowo)<\/span><\/label><\/span><span class=\"wpcf7-list-item\"><label><input type=\"checkbox\" name=\"checkbox-426&#091;&#093;\" value=\"intensywny (3 godz. tygodniowo)\" \/><span class=\"wpcf7-list-item-label\">intensywny (3 godz. tygodniowo)<\/span><\/label><\/span><span class=\"wpcf7-list-item\"><label><input type=\"checkbox\" name=\"checkbox-426&#091;&#093;\" value=\"egzaminacyjny (o\u015bmioklasisty, matura, FCE, CAE - 2 lub 3 godz. tygodniowo)\" \/><span class=\"wpcf7-list-item-label\">egzaminacyjny (o\u015bmioklasisty, matura, FCE, CAE - 2 lub 3 godz. tygodniowo)<\/span><\/label><\/span><span class=\"wpcf7-list-item last\"><label><input type=\"checkbox\" name=\"checkbox-426&#091;&#093;\" value=\"na \u017cyczenie klienta (okre\u015bl w uwagach poni\u017cej)\" \/><span class=\"wpcf7-list-item-label\">na \u017cyczenie klienta (okre\u015bl w uwagach poni\u017cej)<\/span><\/label><\/span><\/span><\/span>\n<\/p>\n<p>\t\t\t<span class=\"wps-shortcode-wrapper wps-icon \" id=\"wps-icon\" style=\"display: inline-block; background-color: #dd3333; padding: 3px; font-size: 14px; color: #fff; min-width: 1em; min-height: 1em; text-align: center;border-radius:5px;-moz-border-radius:5px;-webkit-border-radius:5px;\">\n\t\t\t\t<i class=\"fa fa-question-circle\"><\/i>\t\t\t<\/span>\n\t\t&nbsp;Jaki godziny zaj\u0119\u0107 s\u0105 dla Ciebie najbardziej odpowiednie?\n<\/p>\n<p><span class=\"wpcf7-form-control-wrap\" data-name=\"checkbox-51\"><span class=\"wpcf7-form-control wpcf7-checkbox\"><span class=\"wpcf7-list-item first\"><label><input type=\"checkbox\" name=\"checkbox-51&#091;&#093;\" value=\"poranne (do 12.00)\" \/><span class=\"wpcf7-list-item-label\">poranne (do 12.00)<\/span><\/label><\/span><span class=\"wpcf7-list-item\"><label><input type=\"checkbox\" name=\"checkbox-51&#091;&#093;\" value=\"12.00 - 14.00\" \/><span class=\"wpcf7-list-item-label\">12.00 - 14.00<\/span><\/label><\/span><span class=\"wpcf7-list-item\"><label><input type=\"checkbox\" name=\"checkbox-51&#091;&#093;\" value=\"14.00 - 16.00\" \/><span class=\"wpcf7-list-item-label\">14.00 - 16.00<\/span><\/label><\/span><span class=\"wpcf7-list-item\"><label><input type=\"checkbox\" name=\"checkbox-51&#091;&#093;\" value=\"16.00 - 18.00\" \/><span class=\"wpcf7-list-item-label\">16.00 - 18.00<\/span><\/label><\/span><span class=\"wpcf7-list-item last\"><label><input type=\"checkbox\" name=\"checkbox-51&#091;&#093;\" value=\"po 18.00\" \/><span class=\"wpcf7-list-item-label\">po 18.00<\/span><\/label><\/span><\/span><\/span>\n<\/p>\n<p>\t\t\t<span class=\"wps-shortcode-wrapper wps-icon \" id=\"wps-icon\" style=\"display: inline-block; background-color: #dd3333; padding: 3px; font-size: 14px; color: #fff; min-width: 1em; min-height: 1em; text-align: center;border-radius:5px;-moz-border-radius:5px;-webkit-border-radius:5px;\">\n\t\t\t\t<i class=\"fa fa-question-circle\"><\/i>\t\t\t<\/span>\n\t\t&nbsp;Czy s\u0105 jakie\u015b dni, w kt\u00f3rych nie mo\u017cesz ucz\u0119szcza\u0107 na zaj\u0119cia?\n<\/p>\n<p><span class=\"wpcf7-form-control-wrap\" data-name=\"checkbox-940\"><span class=\"wpcf7-form-control wpcf7-checkbox\"><span class=\"wpcf7-list-item first\"><label><input type=\"checkbox\" name=\"checkbox-940&#091;&#093;\" value=\"poniedzia\u0142ek\" \/><span class=\"wpcf7-list-item-label\">poniedzia\u0142ek<\/span><\/label><\/span><span class=\"wpcf7-list-item\"><label><input type=\"checkbox\" name=\"checkbox-940&#091;&#093;\" value=\"wtorek\" \/><span class=\"wpcf7-list-item-label\">wtorek<\/span><\/label><\/span><span class=\"wpcf7-list-item\"><label><input type=\"checkbox\" name=\"checkbox-940&#091;&#093;\" value=\"\u015broda\" \/><span class=\"wpcf7-list-item-label\">\u015broda<\/span><\/label><\/span><span class=\"wpcf7-list-item\"><label><input type=\"checkbox\" name=\"checkbox-940&#091;&#093;\" value=\"czwartek\" \/><span class=\"wpcf7-list-item-label\">czwartek<\/span><\/label><\/span><span class=\"wpcf7-list-item\"><label><input type=\"checkbox\" name=\"checkbox-940&#091;&#093;\" value=\"pi\u0105tek\" \/><span class=\"wpcf7-list-item-label\">pi\u0105tek<\/span><\/label><\/span><span class=\"wpcf7-list-item last\"><label><input type=\"checkbox\" name=\"checkbox-940&#091;&#093;\" value=\"sobota\" \/><span class=\"wpcf7-list-item-label\">sobota<\/span><\/label><\/span><\/span><\/span>\n<\/p>\n<p>\t\t\t<span class=\"wps-shortcode-wrapper wps-icon \" id=\"wps-icon\" style=\"display: inline-block; background-color: #dd3333; padding: 3px; font-size: 14px; color: #fff; min-width: 1em; min-height: 1em; text-align: center;border-radius:5px;-moz-border-radius:5px;-webkit-border-radius:5px;\">\n\t\t\t\t<i class=\"fa fa-question-circle\"><\/i>\t\t\t<\/span>\n\t\t&nbsp;Czy interesuj\u0105 ci\u0119 zaj\u0119cia konwersacyjne z lektorem angielskim?\n<\/p>\n<p><span class=\"wpcf7-form-control-wrap\" data-name=\"checkbox-245\"><span class=\"wpcf7-form-control wpcf7-checkbox wpcf7-exclusive-checkbox\"><span class=\"wpcf7-list-item first\"><label><input type=\"checkbox\" name=\"checkbox-245\" value=\"tak\" \/><span class=\"wpcf7-list-item-label\">tak<\/span><\/label><\/span><span class=\"wpcf7-list-item last\"><label><input type=\"checkbox\" name=\"checkbox-245\" value=\"nie\" \/><span class=\"wpcf7-list-item-label\">nie<\/span><\/label><\/span><\/span><\/span>\n<\/p>\n<p>\t\t\t<span class=\"wps-shortcode-wrapper wps-icon \" id=\"wps-icon\" style=\"display: inline-block; background-color: #dd3333; padding: 3px; font-size: 14px; color: #fff; min-width: 1em; min-height: 1em; text-align: center;border-radius:5px;-moz-border-radius:5px;-webkit-border-radius:5px;\">\n\t\t\t\t<i class=\"fa fa-question-circle\"><\/i>\t\t\t<\/span>\n\t\t&nbsp;Czy chcia\u0142(a)by\u015b korzysta\u0107 z r\u00f3\u017cnych ofert naszej szko\u0142y (np. biblioteka, wyjazdy j\u0119zykowe)?\n<\/p>\n<p><span class=\"wpcf7-form-control-wrap\" data-name=\"checkbox-495\"><span class=\"wpcf7-form-control wpcf7-checkbox wpcf7-exclusive-checkbox\"><span class=\"wpcf7-list-item first\"><label><input type=\"checkbox\" name=\"checkbox-495\" value=\"tak\" \/><span class=\"wpcf7-list-item-label\">tak<\/span><\/label><\/span><span class=\"wpcf7-list-item last\"><label><input type=\"checkbox\" name=\"checkbox-495\" value=\"nie\" \/><span class=\"wpcf7-list-item-label\">nie<\/span><\/label><\/span><\/span><\/span>\n<\/p>\n<p>4. <strong>Je\u015bli chcesz wpisz tu swoje uwagi<\/strong>\n<\/p>\n<p><label> Tre\u015b\u0107 wiadomo\u015bci<br \/>\n<span class=\"wpcf7-form-control-wrap\" data-name=\"your-message\"><textarea cols=\"40\" rows=\"5\" maxlength=\"2000\" class=\"wpcf7-form-control wpcf7-textarea\" aria-invalid=\"false\" name=\"your-message\"><\/textarea><\/span> <\/label><\/div>\n\t\t\t<\/div>\n\t\t\t\t\t<\/div>\n\t\t\t\n<\/p>\n<p><small>Powy\u017cszy formularz zg\u0142oszeniowy ma charakter wy\u0142\u0105cznie kontaktowy i nie stanowi umowy mi\u0119dzy stronami w sensie cywilno-prawnym. Po jego wype\u0142nieniu i wys\u0142aniu skontaktujemy si\u0119 z Pa\u0144stwem w celu udzielenia dalszych informacji. Wype\u0142nienie p\u00f3l oznaczonych komentarzem \"(wymagane)\" jest niezb\u0119dne aby wys\u0142a\u0107 formularz i r\u00f3wnoznaczne ze zgod\u0105 na przetwarzanie przez AS School of English podanych przez Pa\u0144stwa danych osobowych w celu realizacji zg\u0142oszenia oraz na prowadzenie wobec Pa\u0144stwa dzia\u0142a\u0144 marketingowych. Dane te nie b\u0119d\u0105 wykorzystywane w \u017cadnym innym celu oraz nie b\u0119d\u0105 udost\u0119pniane \u017cadnym innym podmiotom.<\/small>\n<\/p>\n<p><input class=\"wpcf7-form-control wpcf7-submit has-spinner\" type=\"submit\" value=\"Wy\u015blij zg\u0142oszenie\" \/>\n<\/p><p style=\"display: none !important;\" class=\"akismet-fields-container\" data-prefix=\"_wpcf7_ak_\"><label>&#916;<textarea name=\"_wpcf7_ak_hp_textarea\" cols=\"45\" rows=\"8\" maxlength=\"100\"><\/textarea><\/label><input type=\"hidden\" id=\"ak_js_1\" name=\"_wpcf7_ak_js\" value=\"167\"\/><script>document.getElementById( \"ak_js_1\" ).setAttribute( \"value\", ( new Date() ).getTime() );<\/script><\/p><div class=\"wpcf7-response-output\" aria-hidden=\"true\"><\/div>\n<\/form>\n<\/div>\n\n","protected":false},"excerpt":{"rendered":"<p>&nbsp; Aby zapisa\u0107 si\u0119 na kurs w naszej szkole um\u00f3w si\u0119 z nami telefonicznie na test kwalifikacyjny, kt\u00f3ry pomo\u017ce okre\u015bli\u0107 Tw\u00f3j poziom zaawansowania i przydzieli\u0107 Ci\u0119 do odpowiedniej grupy. Nasz telefon to: 508348681. Mo\u017cesz te\u017c skorzysta\u0107 z poni\u017cszego formularza zg\u0142oszeniowego, po przes\u0142aniu kt\u00f3rego skontaktujemy si\u0119 z Tob\u0105:<\/p>\n","protected":false},"author":1,"featured_media":0,"parent":0,"menu_order":0,"comment_status":"closed","ping_status":"closed","template":"","meta":{"neve_meta_sidebar":"","neve_meta_container":"","neve_meta_enable_content_width":"","neve_meta_content_width":70,"neve_meta_title_alignment":"","neve_meta_author_avatar":"","neve_post_elements_order":"","neve_meta_disable_header":"","neve_meta_disable_footer":"","neve_meta_disable_title":"on","footnotes":""},"class_list":["post-268","page","type-page","status-publish","hentry"],"yoast_head":"<!-- This site is optimized with the Yoast SEO plugin v26.2 - https:\/\/yoast.com\/wordpress\/plugins\/seo\/ -->\n<title>Zapisy na kursy angielskiego w J\u00f3zefowie - AS School of English<\/title>\n<meta name=\"description\" content=\"Zapisy na kursy j\u0119zyka angielskiego w szkole j\u0119zykowej AS School of English J\u00f3zefowie ko\u0142o Warszawy.\" \/>\n<meta name=\"robots\" content=\"index, follow, max-snippet:-1, max-image-preview:large, max-video-preview:-1\" \/>\n<link rel=\"canonical\" href=\"https:\/\/www.asenglish.pl\/szkola\/zapisy\/\" \/>\n<meta property=\"og:locale\" content=\"pl_PL\" \/>\n<meta property=\"og:type\" content=\"article\" \/>\n<meta property=\"og:title\" content=\"Zapisy na kursy angielskiego w J\u00f3zefowie - AS School of English\" \/>\n<meta property=\"og:description\" content=\"Zapisy na kursy j\u0119zyka angielskiego w szkole j\u0119zykowej AS School of English J\u00f3zefowie ko\u0142o Warszawy.\" \/>\n<meta property=\"og:url\" content=\"https:\/\/www.asenglish.pl\/szkola\/zapisy\/\" \/>\n<meta property=\"og:site_name\" content=\"AS School of English\" \/>\n<meta property=\"article:modified_time\" content=\"2019-08-13T15:11:09+00:00\" \/>\n<meta name=\"twitter:card\" content=\"summary_large_image\" \/>\n<script type=\"application\/ld+json\" class=\"yoast-schema-graph\">{\"@context\":\"https:\/\/schema.org\",\"@graph\":[{\"@type\":\"WebPage\",\"@id\":\"https:\/\/www.asenglish.pl\/szkola\/zapisy\/\",\"url\":\"https:\/\/www.asenglish.pl\/szkola\/zapisy\/\",\"name\":\"Zapisy na kursy angielskiego w J\u00f3zefowie - AS School of English\",\"isPartOf\":{\"@id\":\"https:\/\/www.asenglish.pl\/szkola\/#website\"},\"datePublished\":\"2019-08-11T10:36:23+00:00\",\"dateModified\":\"2019-08-13T15:11:09+00:00\",\"description\":\"Zapisy na kursy j\u0119zyka angielskiego w szkole j\u0119zykowej AS School of English J\u00f3zefowie ko\u0142o Warszawy.\",\"breadcrumb\":{\"@id\":\"https:\/\/www.asenglish.pl\/szkola\/zapisy\/#breadcrumb\"},\"inLanguage\":\"pl-PL\",\"potentialAction\":[{\"@type\":\"ReadAction\",\"target\":[\"https:\/\/www.asenglish.pl\/szkola\/zapisy\/\"]}]},{\"@type\":\"BreadcrumbList\",\"@id\":\"https:\/\/www.asenglish.pl\/szkola\/zapisy\/#breadcrumb\",\"itemListElement\":[{\"@type\":\"ListItem\",\"position\":1,\"name\":\"Strona g\u0142\u00f3wna\",\"item\":\"https:\/\/www.asenglish.pl\/szkola\/\"},{\"@type\":\"ListItem\",\"position\":2,\"name\":\"Zapisy na kursy angielskiego w J\u00f3zefowie\"}]},{\"@type\":\"WebSite\",\"@id\":\"https:\/\/www.asenglish.pl\/szkola\/#website\",\"url\":\"https:\/\/www.asenglish.pl\/szkola\/\",\"name\":\"AS School of English\",\"description\":\"Szko\u0142a j\u0119zykowa w J\u00f3zefowie ko\u0142o Warszawy\",\"publisher\":{\"@id\":\"https:\/\/www.asenglish.pl\/szkola\/#organization\"},\"potentialAction\":[{\"@type\":\"SearchAction\",\"target\":{\"@type\":\"EntryPoint\",\"urlTemplate\":\"https:\/\/www.asenglish.pl\/szkola\/?s={search_term_string}\"},\"query-input\":{\"@type\":\"PropertyValueSpecification\",\"valueRequired\":true,\"valueName\":\"search_term_string\"}}],\"inLanguage\":\"pl-PL\"},{\"@type\":\"Organization\",\"@id\":\"https:\/\/www.asenglish.pl\/szkola\/#organization\",\"name\":\"AS School of English\",\"url\":\"https:\/\/www.asenglish.pl\/szkola\/\",\"logo\":{\"@type\":\"ImageObject\",\"inLanguage\":\"pl-PL\",\"@id\":\"https:\/\/www.asenglish.pl\/szkola\/#\/schema\/logo\/image\/\",\"url\":\"https:\/\/www.asenglish.pl\/szkola\/wp-content\/uploads\/2018\/12\/aslogo.gif\",\"contentUrl\":\"https:\/\/www.asenglish.pl\/szkola\/wp-content\/uploads\/2018\/12\/aslogo.gif\",\"width\":121,\"height\":86,\"caption\":\"AS School of English\"},\"image\":{\"@id\":\"https:\/\/www.asenglish.pl\/szkola\/#\/schema\/logo\/image\/\"}}]}<\/script>\n<!-- \/ Yoast SEO plugin. -->","yoast_head_json":{"title":"Zapisy na kursy angielskiego w J\u00f3zefowie - AS School of English","description":"Zapisy na kursy j\u0119zyka angielskiego w szkole j\u0119zykowej AS School of English J\u00f3zefowie ko\u0142o Warszawy.","robots":{"index":"index","follow":"follow","max-snippet":"max-snippet:-1","max-image-preview":"max-image-preview:large","max-video-preview":"max-video-preview:-1"},"canonical":"https:\/\/www.asenglish.pl\/szkola\/zapisy\/","og_locale":"pl_PL","og_type":"article","og_title":"Zapisy na kursy angielskiego w J\u00f3zefowie - AS School of English","og_description":"Zapisy na kursy j\u0119zyka angielskiego w szkole j\u0119zykowej AS School of English J\u00f3zefowie ko\u0142o Warszawy.","og_url":"https:\/\/www.asenglish.pl\/szkola\/zapisy\/","og_site_name":"AS School of English","article_modified_time":"2019-08-13T15:11:09+00:00","twitter_card":"summary_large_image","schema":{"@context":"https:\/\/schema.org","@graph":[{"@type":"WebPage","@id":"https:\/\/www.asenglish.pl\/szkola\/zapisy\/","url":"https:\/\/www.asenglish.pl\/szkola\/zapisy\/","name":"Zapisy na kursy angielskiego w J\u00f3zefowie - AS School of English","isPartOf":{"@id":"https:\/\/www.asenglish.pl\/szkola\/#website"},"datePublished":"2019-08-11T10:36:23+00:00","dateModified":"2019-08-13T15:11:09+00:00","description":"Zapisy na kursy j\u0119zyka angielskiego w szkole j\u0119zykowej AS School of English J\u00f3zefowie ko\u0142o Warszawy.","breadcrumb":{"@id":"https:\/\/www.asenglish.pl\/szkola\/zapisy\/#breadcrumb"},"inLanguage":"pl-PL","potentialAction":[{"@type":"ReadAction","target":["https:\/\/www.asenglish.pl\/szkola\/zapisy\/"]}]},{"@type":"BreadcrumbList","@id":"https:\/\/www.asenglish.pl\/szkola\/zapisy\/#breadcrumb","itemListElement":[{"@type":"ListItem","position":1,"name":"Strona g\u0142\u00f3wna","item":"https:\/\/www.asenglish.pl\/szkola\/"},{"@type":"ListItem","position":2,"name":"Zapisy na kursy angielskiego w J\u00f3zefowie"}]},{"@type":"WebSite","@id":"https:\/\/www.asenglish.pl\/szkola\/#website","url":"https:\/\/www.asenglish.pl\/szkola\/","name":"AS School of English","description":"Szko\u0142a j\u0119zykowa w J\u00f3zefowie ko\u0142o Warszawy","publisher":{"@id":"https:\/\/www.asenglish.pl\/szkola\/#organization"},"potentialAction":[{"@type":"SearchAction","target":{"@type":"EntryPoint","urlTemplate":"https:\/\/www.asenglish.pl\/szkola\/?s={search_term_string}"},"query-input":{"@type":"PropertyValueSpecification","valueRequired":true,"valueName":"search_term_string"}}],"inLanguage":"pl-PL"},{"@type":"Organization","@id":"https:\/\/www.asenglish.pl\/szkola\/#organization","name":"AS School of English","url":"https:\/\/www.asenglish.pl\/szkola\/","logo":{"@type":"ImageObject","inLanguage":"pl-PL","@id":"https:\/\/www.asenglish.pl\/szkola\/#\/schema\/logo\/image\/","url":"https:\/\/www.asenglish.pl\/szkola\/wp-content\/uploads\/2018\/12\/aslogo.gif","contentUrl":"https:\/\/www.asenglish.pl\/szkola\/wp-content\/uploads\/2018\/12\/aslogo.gif","width":121,"height":86,"caption":"AS School of English"},"image":{"@id":"https:\/\/www.asenglish.pl\/szkola\/#\/schema\/logo\/image\/"}}]}},"_links":{"self":[{"href":"https:\/\/www.asenglish.pl\/szkola\/wp-json\/wp\/v2\/pages\/268","targetHints":{"allow":["GET"]}}],"collection":[{"href":"https:\/\/www.asenglish.pl\/szkola\/wp-json\/wp\/v2\/pages"}],"about":[{"href":"https:\/\/www.asenglish.pl\/szkola\/wp-json\/wp\/v2\/types\/page"}],"author":[{"embeddable":true,"href":"https:\/\/www.asenglish.pl\/szkola\/wp-json\/wp\/v2\/users\/1"}],"replies":[{"embeddable":true,"href":"https:\/\/www.asenglish.pl\/szkola\/wp-json\/wp\/v2\/comments?post=268"}],"version-history":[{"count":21,"href":"https:\/\/www.asenglish.pl\/szkola\/wp-json\/wp\/v2\/pages\/268\/revisions"}],"predecessor-version":[{"id":275,"href":"https:\/\/www.asenglish.pl\/szkola\/wp-json\/wp\/v2\/pages\/268\/revisions\/275"}],"wp:attachment":[{"href":"https:\/\/www.asenglish.pl\/szkola\/wp-json\/wp\/v2\/media?parent=268"}],"curies":[{"name":"wp","href":"https:\/\/api.w.org\/{rel}","templated":true}]}}