{"id":334,"date":"2019-08-27T17:26:26","date_gmt":"2019-08-27T15:26:26","guid":{"rendered":"https:\/\/www.asenglish.pl\/szkola\/?page_id=334"},"modified":"2019-08-28T10:05:09","modified_gmt":"2019-08-28T08:05:09","slug":"test-dzieci","status":"publish","type":"page","link":"https:\/\/www.asenglish.pl\/szkola\/test-dzieci\/","title":{"rendered":"Test kwalifikacyjny dla dzieci"},"content":{"rendered":"<p><script src=\"..\/..\/szkola\/placement_test\/iframeResizer.min.js\"><\/script><\/p>\n<style>iframe{width:100%}<\/style>\n<p><iframe src=\"https:\/\/testyourenglish.azurewebsites.net\/young-learners\/\" scrolling=\"no\"><\/iframe><br \/>\n<script>iFrameResize({log:true})<\/script><\/p>\n","protected":false},"excerpt":{"rendered":"","protected":false},"author":1,"featured_media":0,"parent":0,"menu_order":0,"comment_status":"closed","ping_status":"closed","template":"","meta":{"neve_meta_sidebar":"","neve_meta_container":"","neve_meta_enable_content_width":"","neve_meta_content_width":70,"neve_meta_title_alignment":"","neve_meta_author_avatar":"","neve_post_elements_order":"","neve_meta_disable_header":"","neve_meta_disable_footer":"","neve_meta_disable_title":"","footnotes":""},"class_list":["post-334","page","type-page","status-publish","hentry"],"yoast_head":"<!-- This site is optimized with the Yoast SEO plugin v26.2 - https:\/\/yoast.com\/wordpress\/plugins\/seo\/ -->\n<title>Test kwalifikacyjny dla dzieci - AS School of English<\/title>\n<meta name=\"description\" content=\"Test kwalifikacyjny (placement test) z j\u0119zyka anielskiego dla dzieci okre\u015blaj\u0105cy poziom zaawansowania.\" \/>\n<meta name=\"robots\" content=\"index, follow, max-snippet:-1, max-image-preview:large, max-video-preview:-1\" \/>\n<link rel=\"canonical\" href=\"https:\/\/www.asenglish.pl\/szkola\/test-dzieci\/\" \/>\n<meta property=\"og:locale\" content=\"pl_PL\" \/>\n<meta property=\"og:type\" content=\"article\" \/>\n<meta property=\"og:title\" content=\"Test kwalifikacyjny dla dzieci - AS School of English\" \/>\n<meta property=\"og:description\" content=\"Test kwalifikacyjny (placement test) z j\u0119zyka anielskiego dla dzieci okre\u015blaj\u0105cy poziom zaawansowania.\" \/>\n<meta property=\"og:url\" content=\"https:\/\/www.asenglish.pl\/szkola\/test-dzieci\/\" \/>\n<meta property=\"og:site_name\" content=\"AS School of English\" \/>\n<meta property=\"article:modified_time\" content=\"2019-08-28T08:05:09+00:00\" \/>\n<meta name=\"twitter:card\" content=\"summary_large_image\" \/>\n<script type=\"application\/ld+json\" class=\"yoast-schema-graph\">{\"@context\":\"https:\/\/schema.org\",\"@graph\":[{\"@type\":\"WebPage\",\"@id\":\"https:\/\/www.asenglish.pl\/szkola\/test-dzieci\/\",\"url\":\"https:\/\/www.asenglish.pl\/szkola\/test-dzieci\/\",\"name\":\"Test kwalifikacyjny dla dzieci - AS School of English\",\"isPartOf\":{\"@id\":\"https:\/\/www.asenglish.pl\/szkola\/#website\"},\"datePublished\":\"2019-08-27T15:26:26+00:00\",\"dateModified\":\"2019-08-28T08:05:09+00:00\",\"description\":\"Test kwalifikacyjny (placement test) z j\u0119zyka anielskiego dla dzieci okre\u015blaj\u0105cy poziom zaawansowania.\",\"breadcrumb\":{\"@id\":\"https:\/\/www.asenglish.pl\/szkola\/test-dzieci\/#breadcrumb\"},\"inLanguage\":\"pl-PL\",\"potentialAction\":[{\"@type\":\"ReadAction\",\"target\":[\"https:\/\/www.asenglish.pl\/szkola\/test-dzieci\/\"]}]},{\"@type\":\"BreadcrumbList\",\"@id\":\"https:\/\/www.asenglish.pl\/szkola\/test-dzieci\/#breadcrumb\",\"itemListElement\":[{\"@type\":\"ListItem\",\"position\":1,\"name\":\"Strona g\u0142\u00f3wna\",\"item\":\"https:\/\/www.asenglish.pl\/szkola\/\"},{\"@type\":\"ListItem\",\"position\":2,\"name\":\"Test kwalifikacyjny dla dzieci\"}]},{\"@type\":\"WebSite\",\"@id\":\"https:\/\/www.asenglish.pl\/szkola\/#website\",\"url\":\"https:\/\/www.asenglish.pl\/szkola\/\",\"name\":\"AS School of English\",\"description\":\"Szko\u0142a j\u0119zykowa w J\u00f3zefowie ko\u0142o Warszawy\",\"publisher\":{\"@id\":\"https:\/\/www.asenglish.pl\/szkola\/#organization\"},\"potentialAction\":[{\"@type\":\"SearchAction\",\"target\":{\"@type\":\"EntryPoint\",\"urlTemplate\":\"https:\/\/www.asenglish.pl\/szkola\/?s={search_term_string}\"},\"query-input\":{\"@type\":\"PropertyValueSpecification\",\"valueRequired\":true,\"valueName\":\"search_term_string\"}}],\"inLanguage\":\"pl-PL\"},{\"@type\":\"Organization\",\"@id\":\"https:\/\/www.asenglish.pl\/szkola\/#organization\",\"name\":\"AS School of English\",\"url\":\"https:\/\/www.asenglish.pl\/szkola\/\",\"logo\":{\"@type\":\"ImageObject\",\"inLanguage\":\"pl-PL\",\"@id\":\"https:\/\/www.asenglish.pl\/szkola\/#\/schema\/logo\/image\/\",\"url\":\"https:\/\/www.asenglish.pl\/szkola\/wp-content\/uploads\/2018\/12\/aslogo.gif\",\"contentUrl\":\"https:\/\/www.asenglish.pl\/szkola\/wp-content\/uploads\/2018\/12\/aslogo.gif\",\"width\":121,\"height\":86,\"caption\":\"AS School of English\"},\"image\":{\"@id\":\"https:\/\/www.asenglish.pl\/szkola\/#\/schema\/logo\/image\/\"}}]}<\/script>\n<!-- \/ Yoast SEO plugin. -->","yoast_head_json":{"title":"Test kwalifikacyjny dla dzieci - AS School of English","description":"Test kwalifikacyjny (placement test) z j\u0119zyka anielskiego dla dzieci okre\u015blaj\u0105cy poziom zaawansowania.","robots":{"index":"index","follow":"follow","max-snippet":"max-snippet:-1","max-image-preview":"max-image-preview:large","max-video-preview":"max-video-preview:-1"},"canonical":"https:\/\/www.asenglish.pl\/szkola\/test-dzieci\/","og_locale":"pl_PL","og_type":"article","og_title":"Test kwalifikacyjny dla dzieci - AS School of English","og_description":"Test kwalifikacyjny (placement test) z j\u0119zyka anielskiego dla dzieci okre\u015blaj\u0105cy poziom zaawansowania.","og_url":"https:\/\/www.asenglish.pl\/szkola\/test-dzieci\/","og_site_name":"AS School of English","article_modified_time":"2019-08-28T08:05:09+00:00","twitter_card":"summary_large_image","schema":{"@context":"https:\/\/schema.org","@graph":[{"@type":"WebPage","@id":"https:\/\/www.asenglish.pl\/szkola\/test-dzieci\/","url":"https:\/\/www.asenglish.pl\/szkola\/test-dzieci\/","name":"Test kwalifikacyjny dla dzieci - AS School of English","isPartOf":{"@id":"https:\/\/www.asenglish.pl\/szkola\/#website"},"datePublished":"2019-08-27T15:26:26+00:00","dateModified":"2019-08-28T08:05:09+00:00","description":"Test kwalifikacyjny (placement test) z j\u0119zyka anielskiego dla dzieci okre\u015blaj\u0105cy poziom zaawansowania.","breadcrumb":{"@id":"https:\/\/www.asenglish.pl\/szkola\/test-dzieci\/#breadcrumb"},"inLanguage":"pl-PL","potentialAction":[{"@type":"ReadAction","target":["https:\/\/www.asenglish.pl\/szkola\/test-dzieci\/"]}]},{"@type":"BreadcrumbList","@id":"https:\/\/www.asenglish.pl\/szkola\/test-dzieci\/#breadcrumb","itemListElement":[{"@type":"ListItem","position":1,"name":"Strona g\u0142\u00f3wna","item":"https:\/\/www.asenglish.pl\/szkola\/"},{"@type":"ListItem","position":2,"name":"Test kwalifikacyjny dla dzieci"}]},{"@type":"WebSite","@id":"https:\/\/www.asenglish.pl\/szkola\/#website","url":"https:\/\/www.asenglish.pl\/szkola\/","name":"AS School of English","description":"Szko\u0142a j\u0119zykowa w J\u00f3zefowie ko\u0142o Warszawy","publisher":{"@id":"https:\/\/www.asenglish.pl\/szkola\/#organization"},"potentialAction":[{"@type":"SearchAction","target":{"@type":"EntryPoint","urlTemplate":"https:\/\/www.asenglish.pl\/szkola\/?s={search_term_string}"},"query-input":{"@type":"PropertyValueSpecification","valueRequired":true,"valueName":"search_term_string"}}],"inLanguage":"pl-PL"},{"@type":"Organization","@id":"https:\/\/www.asenglish.pl\/szkola\/#organization","name":"AS School of English","url":"https:\/\/www.asenglish.pl\/szkola\/","logo":{"@type":"ImageObject","inLanguage":"pl-PL","@id":"https:\/\/www.asenglish.pl\/szkola\/#\/schema\/logo\/image\/","url":"https:\/\/www.asenglish.pl\/szkola\/wp-content\/uploads\/2018\/12\/aslogo.gif","contentUrl":"https:\/\/www.asenglish.pl\/szkola\/wp-content\/uploads\/2018\/12\/aslogo.gif","width":121,"height":86,"caption":"AS School of English"},"image":{"@id":"https:\/\/www.asenglish.pl\/szkola\/#\/schema\/logo\/image\/"}}]}},"_links":{"self":[{"href":"https:\/\/www.asenglish.pl\/szkola\/wp-json\/wp\/v2\/pages\/334","targetHints":{"allow":["GET"]}}],"collection":[{"href":"https:\/\/www.asenglish.pl\/szkola\/wp-json\/wp\/v2\/pages"}],"about":[{"href":"https:\/\/www.asenglish.pl\/szkola\/wp-json\/wp\/v2\/types\/page"}],"author":[{"embeddable":true,"href":"https:\/\/www.asenglish.pl\/szkola\/wp-json\/wp\/v2\/users\/1"}],"replies":[{"embeddable":true,"href":"https:\/\/www.asenglish.pl\/szkola\/wp-json\/wp\/v2\/comments?post=334"}],"version-history":[{"count":34,"href":"https:\/\/www.asenglish.pl\/szkola\/wp-json\/wp\/v2\/pages\/334\/revisions"}],"predecessor-version":[{"id":370,"href":"https:\/\/www.asenglish.pl\/szkola\/wp-json\/wp\/v2\/pages\/334\/revisions\/370"}],"wp:attachment":[{"href":"https:\/\/www.asenglish.pl\/szkola\/wp-json\/wp\/v2\/media?parent=334"}],"curies":[{"name":"wp","href":"https:\/\/api.w.org\/{rel}","templated":true}]}}