{"id":48,"date":"2019-07-19T19:01:13","date_gmt":"2019-07-19T17:01:13","guid":{"rendered":"http:\/\/www.asenglish.pl\/szkola\/?page_id=48"},"modified":"2023-09-04T11:28:48","modified_gmt":"2023-09-04T09:28:48","slug":"kursy","status":"publish","type":"page","link":"https:\/\/www.asenglish.pl\/szkola\/kursy\/","title":{"rendered":"Kursy j\u0119zyka angielskiego J\u00f3zef\u00f3w k. Warszawy"},"content":{"rendered":"<div class=\"responsive-tabs\">\n<h2 class=\"tabtitle\">Daty i godziny<\/h2>\n<div class=\"tabcontent\">\n\n<p>Zaj\u0119cia w roku szkolnym 2023\/2024 trwaj\u0105 od 18 wrze\u015bnia 2023 r. do 21 czerwca 2024 r., z przerwami (\u015bwi\u0119ta, ferie) tak jak w szko\u0142ach i obejmuj\u0105 dwa semestry (wrzesie\u0144 &#8211; stycze\u0144 i luty &#8211; czerwiec), oddzielone feriami zimowymi. W ofercie mamy te\u017c lekcje indywidualne (dost\u0119pne r\u00f3wnie\u017c w wakacje).<\/p>\n<p>Prowadzone przez nas zaj\u0119cia odbywaj\u0105 si\u0119 od poniedzia\u0142ku do pi\u0105tku przez ca\u0142y dzie\u0144 w godzinach 8.00-21.00 oraz w sobot\u0119 w godzinach 9.00-14.00.<\/p>\n\n<\/div><h2 class=\"tabtitle\">Grupy wiekowe<\/h2>\n<div class=\"tabcontent\">\n\n<p>Zaj\u0119cia angielskiego prowadzone przez nasz\u0105 szko\u0142\u0119 odbywaj\u0105 si\u0119 w ma\u0142ych (4-8 os\u00f3b) grupach wiekowych:<\/p>\n<ol>\n<li>dzieci kl. 0 &#8211; 1 SP<\/li>\n<li>dzieci kl. 1 &#8211; 2 SP<\/li>\n<li>dzieci kl. 3 &#8211; 4 SP<\/li>\n<li>dzieci kl. 5 &#8211; 6 SP<\/li>\n<li>dzieci kl. 7 &#8211; 8 SP<\/li>\n<li>m\u0142odzie\u017c szk\u00f3\u0142 \u015brednich<\/li>\n<li>doro\u015bli<\/li>\n<\/ol>\n\n<\/div><h2 class=\"tabtitle\">Rodzaje kurs\u00f3w<\/h2>\n<div class=\"tabcontent\">\n\n<p>Oferujemy nast\u0119puj\u0105ce rodzaje kurs\u00f3w:<\/p>\n<ul>\n<li><strong>j\u0119zyk angielski og\u00f3lny (General English)<\/strong>:<\/li>\n<\/ul>\n<ol>\n<li>kurs podstawowy (zwyk\u0142y) &#8211; 2 x 1 godzina zegarowa tygodniowo<\/li>\n<li>kurs intensywny &#8211; 2 x 1,5 godziny zegarowej tygodniowo<\/li>\n<\/ol>\n<ul>\n<li><strong>kursy egzaminacyjne<\/strong>:<\/li>\n<\/ul>\n<ol>\n<li value=\"3\">kursy egzaminacyjne &#8211; przygotowuj\u0105ce do egzaminu na zako\u0144czenie szko\u0142y podstawowej, maturalnego, First Certificate in English lub Certificate in Advanced English &#8211; 2 x 1 godzina zegarowa tygodniowo (tak jak kurs zwyk\u0142y) lub 2 x 1,5 godziny zegarowej tygodniowo (tak jak kurs intensywny)<\/li>\n<\/ol>\n<ul>\n<li><strong>kursy specjalne<\/strong>:<\/li>\n<\/ul>\n<ol>\n<li value=\"4\">kursy &#8220;na \u017cyczenie klienta&#8221; &#8211; poni\u017cej 4 os\u00f3b w grupie (tak\u017ce zaj\u0119cia indywidualne i korepetycje), 1 lub powy\u017cej 3 godzin zaj\u0119\u0107 tygodniowo, dowolny program (np. angielski biznesowy) &#8211; do uzgodnienia z klientem<\/li>\n<\/ol>\n\n<\/div><h2 class=\"tabtitle\">Poziomy zaawansowania<\/h2>\n<div class=\"tabcontent\">\n\n<p>Zaj\u0119cia prowadzone s\u0105 na sze\u015bciu poziomach zaawansowania:<\/p>\n<ol>\n<li>zupe\u0142nie pocz\u0105tkuj\u0105cy (A1);<\/li>\n<li>pocz\u0105tkuj\u0105cy (A2);<\/li>\n<li>ni\u017cej \u015bredniozaawansowani (A2\/B1);<\/li>\n<li>\u015bredniozaawansowani (B1);<\/li>\n<li>wy\u017cej \u015bredniozaawansowani (B2);<\/li>\n<li>zaawansowani (C1).<\/li>\n<\/ol>\n<p>O zakwalifikowaniu nowych uczni\u00f3w na dany poziom (powy\u017cej zupe\u0142nie pocz\u0105tkuj\u0105cego) decyduje rozmowa z lektorem, ewentualnie pisemny test kwalifikacyjny.<\/p>\n<p>Zaj\u0119cia na wszystkich powy\u017cszych poziomach prowadzone s\u0105 przez lektora polskiego, natomiast na wy\u017cszych poziomach zaawansowania (od poziomu 4) na przemian przez lektora polskiego i angloj\u0119zycznego (native speaker, tzw. system dualny).<\/p>\n<\/div><\/div>\n","protected":false},"excerpt":{"rendered":"<p>Zaj\u0119cia w roku szkolnym 2023\/2024 trwaj\u0105 od 18 wrze\u015bnia 2023 r. do 21 czerwca 2024 r., z przerwami (\u015bwi\u0119ta, ferie) tak jak w szko\u0142ach i obejmuj\u0105 dwa semestry (wrzesie\u0144 &#8211; stycze\u0144 i luty &#8211; czerwiec), oddzielone feriami zimowymi. W ofercie mamy te\u017c lekcje indywidualne (dost\u0119pne r\u00f3wnie\u017c w wakacje). Prowadzone przez nas zaj\u0119cia odbywaj\u0105 si\u0119 od&hellip;&nbsp;<a href=\"https:\/\/www.asenglish.pl\/szkola\/kursy\/\" rel=\"bookmark\">Dowiedz si\u0119 wi\u0119cej &raquo;<span class=\"screen-reader-text\">Kursy j\u0119zyka angielskiego J\u00f3zef\u00f3w k. Warszawy<\/span><\/a><\/p>\n","protected":false},"author":1,"featured_media":0,"parent":0,"menu_order":0,"comment_status":"closed","ping_status":"closed","template":"","meta":{"neve_meta_sidebar":"","neve_meta_container":"","neve_meta_enable_content_width":"off","neve_meta_content_width":70,"neve_meta_title_alignment":"","neve_meta_author_avatar":"","neve_post_elements_order":"","neve_meta_disable_header":"","neve_meta_disable_footer":"","neve_meta_disable_title":"","footnotes":""},"class_list":["post-48","page","type-page","status-publish","hentry"],"yoast_head":"<!-- This site is optimized with the Yoast SEO plugin v26.2 - https:\/\/yoast.com\/wordpress\/plugins\/seo\/ -->\n<title>Kursy j\u0119zyka angielskiego J\u00f3zef\u00f3w k. Warszawy - AS School of English<\/title>\n<meta name=\"description\" content=\"Kursy j\u0119zyka angielskiego w szkole AS School of English w J\u00f3zefowie ko\u0142o Warszawy.\" \/>\n<meta name=\"robots\" content=\"index, follow, max-snippet:-1, max-image-preview:large, max-video-preview:-1\" \/>\n<link rel=\"canonical\" href=\"https:\/\/www.asenglish.pl\/szkola\/kursy\/\" \/>\n<meta property=\"og:locale\" content=\"pl_PL\" \/>\n<meta property=\"og:type\" content=\"article\" \/>\n<meta property=\"og:title\" content=\"Kursy j\u0119zyka angielskiego J\u00f3zef\u00f3w k. Warszawy - AS School of English\" \/>\n<meta property=\"og:description\" content=\"Kursy j\u0119zyka angielskiego w szkole AS School of English w J\u00f3zefowie ko\u0142o Warszawy.\" \/>\n<meta property=\"og:url\" content=\"https:\/\/www.asenglish.pl\/szkola\/kursy\/\" \/>\n<meta property=\"og:site_name\" content=\"AS School of English\" \/>\n<meta property=\"article:modified_time\" content=\"2023-09-04T09:28:48+00:00\" \/>\n<meta name=\"twitter:card\" content=\"summary_large_image\" \/>\n<meta name=\"twitter:label1\" content=\"Szacowany czas czytania\" \/>\n\t<meta name=\"twitter:data1\" content=\"2 minuty\" \/>\n<script type=\"application\/ld+json\" class=\"yoast-schema-graph\">{\"@context\":\"https:\/\/schema.org\",\"@graph\":[{\"@type\":\"WebPage\",\"@id\":\"https:\/\/www.asenglish.pl\/szkola\/kursy\/\",\"url\":\"https:\/\/www.asenglish.pl\/szkola\/kursy\/\",\"name\":\"Kursy j\u0119zyka angielskiego J\u00f3zef\u00f3w k. Warszawy - AS School of English\",\"isPartOf\":{\"@id\":\"https:\/\/www.asenglish.pl\/szkola\/#website\"},\"datePublished\":\"2019-07-19T17:01:13+00:00\",\"dateModified\":\"2023-09-04T09:28:48+00:00\",\"description\":\"Kursy j\u0119zyka angielskiego w szkole AS School of English w J\u00f3zefowie ko\u0142o Warszawy.\",\"breadcrumb\":{\"@id\":\"https:\/\/www.asenglish.pl\/szkola\/kursy\/#breadcrumb\"},\"inLanguage\":\"pl-PL\",\"potentialAction\":[{\"@type\":\"ReadAction\",\"target\":[\"https:\/\/www.asenglish.pl\/szkola\/kursy\/\"]}]},{\"@type\":\"BreadcrumbList\",\"@id\":\"https:\/\/www.asenglish.pl\/szkola\/kursy\/#breadcrumb\",\"itemListElement\":[{\"@type\":\"ListItem\",\"position\":1,\"name\":\"Strona g\u0142\u00f3wna\",\"item\":\"https:\/\/www.asenglish.pl\/szkola\/\"},{\"@type\":\"ListItem\",\"position\":2,\"name\":\"Kursy j\u0119zyka angielskiego J\u00f3zef\u00f3w k. Warszawy\"}]},{\"@type\":\"WebSite\",\"@id\":\"https:\/\/www.asenglish.pl\/szkola\/#website\",\"url\":\"https:\/\/www.asenglish.pl\/szkola\/\",\"name\":\"AS School of English\",\"description\":\"Szko\u0142a j\u0119zykowa w J\u00f3zefowie ko\u0142o Warszawy\",\"publisher\":{\"@id\":\"https:\/\/www.asenglish.pl\/szkola\/#organization\"},\"potentialAction\":[{\"@type\":\"SearchAction\",\"target\":{\"@type\":\"EntryPoint\",\"urlTemplate\":\"https:\/\/www.asenglish.pl\/szkola\/?s={search_term_string}\"},\"query-input\":{\"@type\":\"PropertyValueSpecification\",\"valueRequired\":true,\"valueName\":\"search_term_string\"}}],\"inLanguage\":\"pl-PL\"},{\"@type\":\"Organization\",\"@id\":\"https:\/\/www.asenglish.pl\/szkola\/#organization\",\"name\":\"AS School of English\",\"url\":\"https:\/\/www.asenglish.pl\/szkola\/\",\"logo\":{\"@type\":\"ImageObject\",\"inLanguage\":\"pl-PL\",\"@id\":\"https:\/\/www.asenglish.pl\/szkola\/#\/schema\/logo\/image\/\",\"url\":\"https:\/\/www.asenglish.pl\/szkola\/wp-content\/uploads\/2018\/12\/aslogo.gif\",\"contentUrl\":\"https:\/\/www.asenglish.pl\/szkola\/wp-content\/uploads\/2018\/12\/aslogo.gif\",\"width\":121,\"height\":86,\"caption\":\"AS School of English\"},\"image\":{\"@id\":\"https:\/\/www.asenglish.pl\/szkola\/#\/schema\/logo\/image\/\"}}]}<\/script>\n<!-- \/ Yoast SEO plugin. -->","yoast_head_json":{"title":"Kursy j\u0119zyka angielskiego J\u00f3zef\u00f3w k. Warszawy - AS School of English","description":"Kursy j\u0119zyka angielskiego w szkole AS School of English w J\u00f3zefowie ko\u0142o Warszawy.","robots":{"index":"index","follow":"follow","max-snippet":"max-snippet:-1","max-image-preview":"max-image-preview:large","max-video-preview":"max-video-preview:-1"},"canonical":"https:\/\/www.asenglish.pl\/szkola\/kursy\/","og_locale":"pl_PL","og_type":"article","og_title":"Kursy j\u0119zyka angielskiego J\u00f3zef\u00f3w k. Warszawy - AS School of English","og_description":"Kursy j\u0119zyka angielskiego w szkole AS School of English w J\u00f3zefowie ko\u0142o Warszawy.","og_url":"https:\/\/www.asenglish.pl\/szkola\/kursy\/","og_site_name":"AS School of English","article_modified_time":"2023-09-04T09:28:48+00:00","twitter_card":"summary_large_image","twitter_misc":{"Szacowany czas czytania":"2 minuty"},"schema":{"@context":"https:\/\/schema.org","@graph":[{"@type":"WebPage","@id":"https:\/\/www.asenglish.pl\/szkola\/kursy\/","url":"https:\/\/www.asenglish.pl\/szkola\/kursy\/","name":"Kursy j\u0119zyka angielskiego J\u00f3zef\u00f3w k. Warszawy - AS School of English","isPartOf":{"@id":"https:\/\/www.asenglish.pl\/szkola\/#website"},"datePublished":"2019-07-19T17:01:13+00:00","dateModified":"2023-09-04T09:28:48+00:00","description":"Kursy j\u0119zyka angielskiego w szkole AS School of English w J\u00f3zefowie ko\u0142o Warszawy.","breadcrumb":{"@id":"https:\/\/www.asenglish.pl\/szkola\/kursy\/#breadcrumb"},"inLanguage":"pl-PL","potentialAction":[{"@type":"ReadAction","target":["https:\/\/www.asenglish.pl\/szkola\/kursy\/"]}]},{"@type":"BreadcrumbList","@id":"https:\/\/www.asenglish.pl\/szkola\/kursy\/#breadcrumb","itemListElement":[{"@type":"ListItem","position":1,"name":"Strona g\u0142\u00f3wna","item":"https:\/\/www.asenglish.pl\/szkola\/"},{"@type":"ListItem","position":2,"name":"Kursy j\u0119zyka angielskiego J\u00f3zef\u00f3w k. Warszawy"}]},{"@type":"WebSite","@id":"https:\/\/www.asenglish.pl\/szkola\/#website","url":"https:\/\/www.asenglish.pl\/szkola\/","name":"AS School of English","description":"Szko\u0142a j\u0119zykowa w J\u00f3zefowie ko\u0142o Warszawy","publisher":{"@id":"https:\/\/www.asenglish.pl\/szkola\/#organization"},"potentialAction":[{"@type":"SearchAction","target":{"@type":"EntryPoint","urlTemplate":"https:\/\/www.asenglish.pl\/szkola\/?s={search_term_string}"},"query-input":{"@type":"PropertyValueSpecification","valueRequired":true,"valueName":"search_term_string"}}],"inLanguage":"pl-PL"},{"@type":"Organization","@id":"https:\/\/www.asenglish.pl\/szkola\/#organization","name":"AS School of English","url":"https:\/\/www.asenglish.pl\/szkola\/","logo":{"@type":"ImageObject","inLanguage":"pl-PL","@id":"https:\/\/www.asenglish.pl\/szkola\/#\/schema\/logo\/image\/","url":"https:\/\/www.asenglish.pl\/szkola\/wp-content\/uploads\/2018\/12\/aslogo.gif","contentUrl":"https:\/\/www.asenglish.pl\/szkola\/wp-content\/uploads\/2018\/12\/aslogo.gif","width":121,"height":86,"caption":"AS School of English"},"image":{"@id":"https:\/\/www.asenglish.pl\/szkola\/#\/schema\/logo\/image\/"}}]}},"_links":{"self":[{"href":"https:\/\/www.asenglish.pl\/szkola\/wp-json\/wp\/v2\/pages\/48","targetHints":{"allow":["GET"]}}],"collection":[{"href":"https:\/\/www.asenglish.pl\/szkola\/wp-json\/wp\/v2\/pages"}],"about":[{"href":"https:\/\/www.asenglish.pl\/szkola\/wp-json\/wp\/v2\/types\/page"}],"author":[{"embeddable":true,"href":"https:\/\/www.asenglish.pl\/szkola\/wp-json\/wp\/v2\/users\/1"}],"replies":[{"embeddable":true,"href":"https:\/\/www.asenglish.pl\/szkola\/wp-json\/wp\/v2\/comments?post=48"}],"version-history":[{"count":17,"href":"https:\/\/www.asenglish.pl\/szkola\/wp-json\/wp\/v2\/pages\/48\/revisions"}],"predecessor-version":[{"id":433,"href":"https:\/\/www.asenglish.pl\/szkola\/wp-json\/wp\/v2\/pages\/48\/revisions\/433"}],"wp:attachment":[{"href":"https:\/\/www.asenglish.pl\/szkola\/wp-json\/wp\/v2\/media?parent=48"}],"curies":[{"name":"wp","href":"https:\/\/api.w.org\/{rel}","templated":true}]}}