{"id":81,"date":"2019-07-19T22:13:29","date_gmt":"2019-07-19T20:13:29","guid":{"rendered":"https:\/\/www.asenglish.pl\/szkola\/?page_id=81"},"modified":"2023-09-04T12:13:07","modified_gmt":"2023-09-04T10:13:07","slug":"cennik","status":"publish","type":"page","link":"https:\/\/www.asenglish.pl\/szkola\/cennik\/","title":{"rendered":"Cennik kurs\u00f3w j. angielskiego J\u00f3zef\u00f3w k. Warszawy"},"content":{"rendered":"<div class=\"responsive-tabs\">\n<h2 class=\"tabtitle\">Kursy zwyk\u0142e<\/h2>\n<div class=\"tabcontent\">\n\n<p>2 x 1 godzina zegarowa (60 minut) tygodniowo od 18 wrze\u015bnia 2023 r. do 21 czerwca 2024 r., 4-8 os\u00f3b w grupie.<\/p>\n<p>Ca\u0142y kurs (70 godzin) kosztuje <strong>2097<\/strong><strong>\u00a0z\u0142<\/strong>, p\u0142atne w trzech ratach po <strong>699 z\u0142<\/strong> w pierwszym tygodniu zaj\u0119\u0107 we wrze\u015bniu, styczniu i kwietniu. Przy tym systemie p\u0142atno\u015bci jedna lekcja kosztuje <strong>29,95 z\u0142<\/strong>.<\/p>\n<p><strong>Uwaga!<\/strong> Dla uczni\u00f3w kontynuuj\u0105cych nauk\u0119 istnieje r\u00f3wnie\u017c mo\u017cliwo\u015b\u0107 p\u0142acenia co miesi\u0105c, w pierwszym tygodniu ka\u017cdego miesi\u0105ca nauki: <strong>9 wp\u0142at x 233 z\u0142<\/strong> (ca\u0142y kurs <strong>2097\u00a0z\u0142<\/strong>).<\/p>\n<p>Przy p\u0142atno\u015bciach z g\u00f3ry za d\u0142u\u017cszy okres nauki udzielamy zni\u017cek:<\/p>\n<ol>\n<li>op\u0142ata w 2 ratach po <strong>982 z\u0142<\/strong> (koszt ca\u0142ego kursu <strong>1964\u00a0z\u0142<\/strong>); raty p\u0142atne w pierwszym tygodniu nauki we wrze\u015bniu i lutym.<\/li>\n<li>op\u0142ata za ca\u0142y kurs z g\u00f3ry: <strong>1855 z\u0142<\/strong>.<\/li>\n<\/ol>\n<p>&nbsp;<br \/>\nTABELA KOSZT\u00d3W KURSU PRZY R\u00d3\u017bNYCH RODZAJACH P\u0141ATNO\u015aCI:<\/p>\n\n<table id=\"tablepress-1\" class=\"tablepress tablepress-id-1\">\n<thead>\n<tr class=\"row-1\">\n\t<th class=\"column-1\"><center><strong>Spos\u00f3b p\u0142atno\u015bci<\/strong><\/center><\/th><th class=\"column-2\"><center><strong>Ilo\u015b\u0107 wp\u0142at (rat) w ci\u0105gu roku<\/strong><\/center><\/th><th class=\"column-3\"><center><strong>Wysoko\u015b\u0107 jednorazowej wp\u0142aty (raty)<\/strong><\/center><\/th><th class=\"column-4\"><center><strong>Koszt ca\u0142ego kursu<\/strong><\/center><\/th><th class=\"column-5\"><center><strong>Koszt 1 lekcji<\/strong><\/center><\/th>\n<\/tr>\n<\/thead>\n<tbody class=\"row-striping row-hover\">\n<tr class=\"row-2\">\n\t<td class=\"column-1\"><center>kurs w 9 ratach<\/center><\/td><td class=\"column-2\"><center>9<\/center><\/td><td class=\"column-3\"><center>233 z\u0142<\/center><\/td><td class=\"column-4\"><center>2097 z\u0142<\/center><\/td><td class=\"column-5\"><center>29,95 z\u0142<\/center><\/td>\n<\/tr>\n<tr class=\"row-3\">\n\t<td class=\"column-1\"><center>kurs w 3 ratach<\/center><\/td><td class=\"column-2\"><center>3<\/center><\/td><td class=\"column-3\"><center>699 z\u0142<\/center><\/td><td class=\"column-4\"><center>2097 z\u0142<\/center><\/td><td class=\"column-5\"><center>29,95 z\u0142<\/center><\/td>\n<\/tr>\n<tr class=\"row-4\">\n\t<td class=\"column-1\"><center>kurs w 2 ratach<\/center><\/td><td class=\"column-2\"><center>2<\/center><\/td><td class=\"column-3\"><center>982 z\u0142<\/center><\/td><td class=\"column-4\"><center>1964 z\u0142<\/center><\/td><td class=\"column-5\"><center>28,05 z\u0142<\/center><\/td>\n<\/tr>\n<tr class=\"row-5\">\n\t<td class=\"column-1\"><center>ca\u0142y kurs z g\u00f3ry<\/center><\/td><td class=\"column-2\"><center>1<\/center><\/td><td class=\"column-3\"><center>1855 z\u0142<\/center><\/td><td class=\"column-4\"><center>1855 z\u0142<\/center><\/td><td class=\"column-5\"><center>26,50 z\u0142<\/center><\/td>\n<\/tr>\n<\/tbody>\n<\/table>\n<!-- #tablepress-1 from cache -->\n\n<\/div><h2 class=\"tabtitle\">Kursy intensywne<\/h2>\n<div class=\"tabcontent\">\n\n<p>3 godziny zegarowe (60 minut) tygodniowo w konfiguracji 2 spotkania x 1,5 godzina zegarowa (90 minut) tygodniowo, 4-8 os\u00f3b w grupie. Ceny pozostaj\u0105 niezmienne przez ca\u0142y rok.<\/p>\n<p>Ca\u0142y kurs (105 godzin) kosztuje <strong>2970\u00a0z\u0142<\/strong>, p\u0142atne w trzech ratach po <strong>990\u00a0z\u0142<\/strong> w pierwszym tygodniu zaj\u0119\u0107 we wrze\u015bniu, styczniu i kwietniu. Przy tym systemie p\u0142atno\u015bci jedna lekcja kosztuje <strong>28,28 z\u0142<\/strong>.<\/p>\n<p><strong>Uwaga!<\/strong> Dla uczni\u00f3w kontynuuj\u0105cych nauk\u0119 istnieje r\u00f3wnie\u017c mo\u017cliwo\u015b\u0107 p\u0142acenia co miesi\u0105c, w pierwszym tygodniu ka\u017cdego miesi\u0105ca nauki: <strong>9 wp\u0142at x 330 z\u0142<\/strong>.<\/p>\n<p>Przy p\u0142atno\u015bciach z g\u00f3ry za d\u0142u\u017cszy okres nauki udzielamy rabat\u00f3w:<\/p>\n<ol>\n<li>op\u0142ata w 2 ratach po <strong>1386 z\u0142<\/strong> (koszt ca\u0142ego kursu<strong> 2772 z\u0142<\/strong>); raty p\u0142atne w pierwszym tygodniu nauki we wrze\u015bniu i lutym.<\/li>\n<li>op\u0142ata za ca\u0142y kurs z g\u00f3ry: <strong>2634 z\u0142<\/strong>.<\/li>\n<\/ol>\n<p>&nbsp;<\/p>\n\n<\/div><h2 class=\"tabtitle\">Kursy 'na \u017cyczenie'<\/h2>\n<div class=\"tabcontent\">\n\n<p>Poni\u017cej 4 os\u00f3b w grupie (tak\u017ce zaj\u0119cia indywidualne i korepetycje), 1 lub powy\u017cej 3 godzin zaj\u0119\u0107 tygodniowo &#8211; <strong>ceny do uzgodnienia<\/strong>.&nbsp;<\/p>\n\n<\/div><h2 class=\"tabtitle\">Uwagi<\/h2>\n<div class=\"tabcontent\">\n\n<ul>\n<li>Op\u0142aty przyjmowane s\u0105 wy\u0142\u0105cznie w pierwszym tygodniu ka\u017cdego miesi\u0105ca;<\/li>\n<li>Ka\u017cdy tydzie\u0144 sp\u00f3\u017anienia w op\u0142acie powoduje jej zwi\u0119kszenie o <strong>5 z\u0142<\/strong>;<\/li>\n<li>P\u0142atno\u015bci przyjmowane s\u0105 w kasie szko\u0142y lub przelewem na konto:<\/li>\n<\/ul>\n<p>&nbsp;<br \/>\nAS School of English<br \/>\nnr konta: 32 1140 2017 0000 4402 0398 6288<\/p>\n<p>Klient\u00f3w, kt\u00f3rzy b\u0119d\u0105 dokonywali wp\u0142at na konto prosimy o wcze\u015bniejsz\u0105 informacj\u0119.<\/p>\n<ul>\n<li>Zni\u017cki rodzinne: 5% przy 2 lub wi\u0119cej osobach z tej samej rodziny, uczestnicz\u0105cych w dowolnym kursie w naszej szkole.<\/li>\n<\/ul>\n<p>&nbsp;<\/p>\n<\/div><\/div>\n","protected":false},"excerpt":{"rendered":"<p>2 x 1 godzina zegarowa (60 minut) tygodniowo od 18 wrze\u015bnia 2023 r. do 21 czerwca 2024 r., 4-8 os\u00f3b w grupie. Ca\u0142y kurs (70 godzin) kosztuje 2097\u00a0z\u0142, p\u0142atne w trzech ratach po 699 z\u0142 w pierwszym tygodniu zaj\u0119\u0107 we wrze\u015bniu, styczniu i kwietniu. Przy tym systemie p\u0142atno\u015bci jedna lekcja kosztuje 29,95 z\u0142. Uwaga! Dla&hellip;&nbsp;<a href=\"https:\/\/www.asenglish.pl\/szkola\/cennik\/\" rel=\"bookmark\">Dowiedz si\u0119 wi\u0119cej &raquo;<span class=\"screen-reader-text\">Cennik kurs\u00f3w j. angielskiego J\u00f3zef\u00f3w k. Warszawy<\/span><\/a><\/p>\n","protected":false},"author":1,"featured_media":0,"parent":0,"menu_order":0,"comment_status":"closed","ping_status":"closed","template":"","meta":{"neve_meta_sidebar":"","neve_meta_container":"","neve_meta_enable_content_width":"off","neve_meta_content_width":70,"neve_meta_title_alignment":"","neve_meta_author_avatar":"","neve_post_elements_order":"","neve_meta_disable_header":"","neve_meta_disable_footer":"","neve_meta_disable_title":"","footnotes":""},"class_list":["post-81","page","type-page","status-publish","hentry"],"yoast_head":"<!-- This site is optimized with the Yoast SEO plugin v26.2 - https:\/\/yoast.com\/wordpress\/plugins\/seo\/ -->\n<title>Cennik kurs\u00f3w j. angielskiego J\u00f3zef\u00f3w k. Warszawy - AS School of English<\/title>\n<meta name=\"description\" content=\"Cennik kurs\u00f3w j\u0119zyka angielskiego w szkole AS School of English w J\u00f3zefowie ko\u0142o Warszawy.\" \/>\n<meta name=\"robots\" content=\"index, follow, max-snippet:-1, max-image-preview:large, max-video-preview:-1\" \/>\n<link rel=\"canonical\" href=\"https:\/\/www.asenglish.pl\/szkola\/cennik\/\" \/>\n<meta property=\"og:locale\" content=\"pl_PL\" \/>\n<meta property=\"og:type\" content=\"article\" \/>\n<meta property=\"og:title\" content=\"Cennik kurs\u00f3w j. angielskiego J\u00f3zef\u00f3w k. Warszawy - AS School of English\" \/>\n<meta property=\"og:description\" content=\"Cennik kurs\u00f3w j\u0119zyka angielskiego w szkole AS School of English w J\u00f3zefowie ko\u0142o Warszawy.\" \/>\n<meta property=\"og:url\" content=\"https:\/\/www.asenglish.pl\/szkola\/cennik\/\" \/>\n<meta property=\"og:site_name\" content=\"AS School of English\" \/>\n<meta property=\"article:modified_time\" content=\"2023-09-04T10:13:07+00:00\" \/>\n<meta name=\"twitter:card\" content=\"summary_large_image\" \/>\n<meta name=\"twitter:label1\" content=\"Szacowany czas czytania\" \/>\n\t<meta name=\"twitter:data1\" content=\"3 minuty\" \/>\n<script type=\"application\/ld+json\" class=\"yoast-schema-graph\">{\"@context\":\"https:\/\/schema.org\",\"@graph\":[{\"@type\":\"WebPage\",\"@id\":\"https:\/\/www.asenglish.pl\/szkola\/cennik\/\",\"url\":\"https:\/\/www.asenglish.pl\/szkola\/cennik\/\",\"name\":\"Cennik kurs\u00f3w j. angielskiego J\u00f3zef\u00f3w k. Warszawy - AS School of English\",\"isPartOf\":{\"@id\":\"https:\/\/www.asenglish.pl\/szkola\/#website\"},\"datePublished\":\"2019-07-19T20:13:29+00:00\",\"dateModified\":\"2023-09-04T10:13:07+00:00\",\"description\":\"Cennik kurs\u00f3w j\u0119zyka angielskiego w szkole AS School of English w J\u00f3zefowie ko\u0142o Warszawy.\",\"breadcrumb\":{\"@id\":\"https:\/\/www.asenglish.pl\/szkola\/cennik\/#breadcrumb\"},\"inLanguage\":\"pl-PL\",\"potentialAction\":[{\"@type\":\"ReadAction\",\"target\":[\"https:\/\/www.asenglish.pl\/szkola\/cennik\/\"]}]},{\"@type\":\"BreadcrumbList\",\"@id\":\"https:\/\/www.asenglish.pl\/szkola\/cennik\/#breadcrumb\",\"itemListElement\":[{\"@type\":\"ListItem\",\"position\":1,\"name\":\"Strona g\u0142\u00f3wna\",\"item\":\"https:\/\/www.asenglish.pl\/szkola\/\"},{\"@type\":\"ListItem\",\"position\":2,\"name\":\"Cennik kurs\u00f3w j. angielskiego J\u00f3zef\u00f3w k. Warszawy\"}]},{\"@type\":\"WebSite\",\"@id\":\"https:\/\/www.asenglish.pl\/szkola\/#website\",\"url\":\"https:\/\/www.asenglish.pl\/szkola\/\",\"name\":\"AS School of English\",\"description\":\"Szko\u0142a j\u0119zykowa w J\u00f3zefowie ko\u0142o Warszawy\",\"publisher\":{\"@id\":\"https:\/\/www.asenglish.pl\/szkola\/#organization\"},\"potentialAction\":[{\"@type\":\"SearchAction\",\"target\":{\"@type\":\"EntryPoint\",\"urlTemplate\":\"https:\/\/www.asenglish.pl\/szkola\/?s={search_term_string}\"},\"query-input\":{\"@type\":\"PropertyValueSpecification\",\"valueRequired\":true,\"valueName\":\"search_term_string\"}}],\"inLanguage\":\"pl-PL\"},{\"@type\":\"Organization\",\"@id\":\"https:\/\/www.asenglish.pl\/szkola\/#organization\",\"name\":\"AS School of English\",\"url\":\"https:\/\/www.asenglish.pl\/szkola\/\",\"logo\":{\"@type\":\"ImageObject\",\"inLanguage\":\"pl-PL\",\"@id\":\"https:\/\/www.asenglish.pl\/szkola\/#\/schema\/logo\/image\/\",\"url\":\"https:\/\/www.asenglish.pl\/szkola\/wp-content\/uploads\/2018\/12\/aslogo.gif\",\"contentUrl\":\"https:\/\/www.asenglish.pl\/szkola\/wp-content\/uploads\/2018\/12\/aslogo.gif\",\"width\":121,\"height\":86,\"caption\":\"AS School of English\"},\"image\":{\"@id\":\"https:\/\/www.asenglish.pl\/szkola\/#\/schema\/logo\/image\/\"}}]}<\/script>\n<!-- \/ Yoast SEO plugin. -->","yoast_head_json":{"title":"Cennik kurs\u00f3w j. angielskiego J\u00f3zef\u00f3w k. Warszawy - AS School of English","description":"Cennik kurs\u00f3w j\u0119zyka angielskiego w szkole AS School of English w J\u00f3zefowie ko\u0142o Warszawy.","robots":{"index":"index","follow":"follow","max-snippet":"max-snippet:-1","max-image-preview":"max-image-preview:large","max-video-preview":"max-video-preview:-1"},"canonical":"https:\/\/www.asenglish.pl\/szkola\/cennik\/","og_locale":"pl_PL","og_type":"article","og_title":"Cennik kurs\u00f3w j. angielskiego J\u00f3zef\u00f3w k. Warszawy - AS School of English","og_description":"Cennik kurs\u00f3w j\u0119zyka angielskiego w szkole AS School of English w J\u00f3zefowie ko\u0142o Warszawy.","og_url":"https:\/\/www.asenglish.pl\/szkola\/cennik\/","og_site_name":"AS School of English","article_modified_time":"2023-09-04T10:13:07+00:00","twitter_card":"summary_large_image","twitter_misc":{"Szacowany czas czytania":"3 minuty"},"schema":{"@context":"https:\/\/schema.org","@graph":[{"@type":"WebPage","@id":"https:\/\/www.asenglish.pl\/szkola\/cennik\/","url":"https:\/\/www.asenglish.pl\/szkola\/cennik\/","name":"Cennik kurs\u00f3w j. angielskiego J\u00f3zef\u00f3w k. Warszawy - AS School of English","isPartOf":{"@id":"https:\/\/www.asenglish.pl\/szkola\/#website"},"datePublished":"2019-07-19T20:13:29+00:00","dateModified":"2023-09-04T10:13:07+00:00","description":"Cennik kurs\u00f3w j\u0119zyka angielskiego w szkole AS School of English w J\u00f3zefowie ko\u0142o Warszawy.","breadcrumb":{"@id":"https:\/\/www.asenglish.pl\/szkola\/cennik\/#breadcrumb"},"inLanguage":"pl-PL","potentialAction":[{"@type":"ReadAction","target":["https:\/\/www.asenglish.pl\/szkola\/cennik\/"]}]},{"@type":"BreadcrumbList","@id":"https:\/\/www.asenglish.pl\/szkola\/cennik\/#breadcrumb","itemListElement":[{"@type":"ListItem","position":1,"name":"Strona g\u0142\u00f3wna","item":"https:\/\/www.asenglish.pl\/szkola\/"},{"@type":"ListItem","position":2,"name":"Cennik kurs\u00f3w j. angielskiego J\u00f3zef\u00f3w k. Warszawy"}]},{"@type":"WebSite","@id":"https:\/\/www.asenglish.pl\/szkola\/#website","url":"https:\/\/www.asenglish.pl\/szkola\/","name":"AS School of English","description":"Szko\u0142a j\u0119zykowa w J\u00f3zefowie ko\u0142o Warszawy","publisher":{"@id":"https:\/\/www.asenglish.pl\/szkola\/#organization"},"potentialAction":[{"@type":"SearchAction","target":{"@type":"EntryPoint","urlTemplate":"https:\/\/www.asenglish.pl\/szkola\/?s={search_term_string}"},"query-input":{"@type":"PropertyValueSpecification","valueRequired":true,"valueName":"search_term_string"}}],"inLanguage":"pl-PL"},{"@type":"Organization","@id":"https:\/\/www.asenglish.pl\/szkola\/#organization","name":"AS School of English","url":"https:\/\/www.asenglish.pl\/szkola\/","logo":{"@type":"ImageObject","inLanguage":"pl-PL","@id":"https:\/\/www.asenglish.pl\/szkola\/#\/schema\/logo\/image\/","url":"https:\/\/www.asenglish.pl\/szkola\/wp-content\/uploads\/2018\/12\/aslogo.gif","contentUrl":"https:\/\/www.asenglish.pl\/szkola\/wp-content\/uploads\/2018\/12\/aslogo.gif","width":121,"height":86,"caption":"AS School of English"},"image":{"@id":"https:\/\/www.asenglish.pl\/szkola\/#\/schema\/logo\/image\/"}}]}},"_links":{"self":[{"href":"https:\/\/www.asenglish.pl\/szkola\/wp-json\/wp\/v2\/pages\/81","targetHints":{"allow":["GET"]}}],"collection":[{"href":"https:\/\/www.asenglish.pl\/szkola\/wp-json\/wp\/v2\/pages"}],"about":[{"href":"https:\/\/www.asenglish.pl\/szkola\/wp-json\/wp\/v2\/types\/page"}],"author":[{"embeddable":true,"href":"https:\/\/www.asenglish.pl\/szkola\/wp-json\/wp\/v2\/users\/1"}],"replies":[{"embeddable":true,"href":"https:\/\/www.asenglish.pl\/szkola\/wp-json\/wp\/v2\/comments?post=81"}],"version-history":[{"count":41,"href":"https:\/\/www.asenglish.pl\/szkola\/wp-json\/wp\/v2\/pages\/81\/revisions"}],"predecessor-version":[{"id":443,"href":"https:\/\/www.asenglish.pl\/szkola\/wp-json\/wp\/v2\/pages\/81\/revisions\/443"}],"wp:attachment":[{"href":"https:\/\/www.asenglish.pl\/szkola\/wp-json\/wp\/v2\/media?parent=81"}],"curies":[{"name":"wp","href":"https:\/\/api.w.org\/{rel}","templated":true}]}}